{"id":2177,"date":"2021-12-15T21:53:15","date_gmt":"2021-12-15T20:53:15","guid":{"rendered":"https:\/\/www.moonsaia.com\/?page_id=2177"},"modified":"2025-09-13T02:30:19","modified_gmt":"2025-09-13T00:30:19","slug":"moonsaia-blog","status":"publish","type":"page","link":"https:\/\/www.moonsaia.com\/en\/moonsaia-blog\/","title":{"rendered":"Blog"},"content":{"rendered":"","protected":false},"excerpt":{"rendered":"","protected":false},"author":1,"featured_media":2261,"parent":0,"menu_order":0,"comment_status":"closed","ping_status":"closed","template":"blog-masonry.php","meta":{"footnotes":""},"class_list":["post-2177","page","type-page","status-publish","has-post-thumbnail","hentry"],"yoast_head":"<!-- This site is optimized with the Yoast SEO plugin v27.2 - https:\/\/yoast.com\/product\/yoast-seo-wordpress\/ -->\n<title>Blog &#8902; Moonsaia<\/title>\n<meta name=\"description\" content=\"Des articles sur le wellness, le bien-\u00eatre, le yoga, m\u00e9diter, vivre zen, vivre bien.... le developpement personnel, la sant\u00e9 et la forme, le bonheur et plus encore :)\" \/>\n<meta name=\"robots\" content=\"index, follow, max-snippet:-1, max-image-preview:large, max-video-preview:-1\" \/>\n<link rel=\"canonical\" href=\"https:\/\/www.moonsaia.com\/en\/moonsaia-blog\/\" \/>\n<meta property=\"og:locale\" content=\"en_US\" \/>\n<meta property=\"og:type\" content=\"article\" \/>\n<meta property=\"og:title\" content=\"Blog &#8902; Moonsaia\" \/>\n<meta property=\"og:description\" content=\"Des articles sur le wellness, le bien-\u00eatre, le yoga, m\u00e9diter, vivre zen, vivre bien.... le developpement personnel, la sant\u00e9 et la forme, le bonheur et plus encore :)\" \/>\n<meta property=\"og:url\" content=\"https:\/\/www.moonsaia.com\/en\/moonsaia-blog\/\" \/>\n<meta property=\"og:site_name\" content=\"Moonsaia\" \/>\n<meta property=\"article:modified_time\" content=\"2025-09-13T00:30:19+00:00\" \/>\n<meta property=\"og:image\" content=\"https:\/\/www.moonsaia.com\/wp-content\/uploads\/2021\/12\/blog-2021-08-26-15-42-03-utc-scaled.jpg\" \/>\n\t<meta property=\"og:image:width\" content=\"2560\" \/>\n\t<meta property=\"og:image:height\" content=\"1707\" \/>\n\t<meta property=\"og:image:type\" content=\"image\/jpeg\" \/>\n<meta name=\"twitter:card\" content=\"summary_large_image\" \/>\n<meta name=\"twitter:label1\" content=\"Est. reading time\" \/>\n\t<meta name=\"twitter:data1\" content=\"1 minute\" \/>\n<script type=\"application\/ld+json\" class=\"yoast-schema-graph\">{\"@context\":\"https:\/\/schema.org\",\"@graph\":[{\"@type\":\"WebPage\",\"@id\":\"https:\/\/www.moonsaia.com\/moonsaia-blog\/\",\"url\":\"https:\/\/www.moonsaia.com\/moonsaia-blog\/\",\"name\":\"Blog &#8902; Moonsaia\",\"isPartOf\":{\"@id\":\"https:\/\/www.moonsaia.com\/#website\"},\"primaryImageOfPage\":{\"@id\":\"https:\/\/www.moonsaia.com\/moonsaia-blog\/#primaryimage\"},\"image\":{\"@id\":\"https:\/\/www.moonsaia.com\/moonsaia-blog\/#primaryimage\"},\"thumbnailUrl\":\"https:\/\/www.moonsaia.com\/wp-content\/uploads\/2021\/12\/cropped-view-of-a-woman-holding-a-yoga-mat-after-p-2021-08-29-12-15-05-utc-scaled-e1639622703898.jpg\",\"datePublished\":\"2021-12-15T20:53:15+00:00\",\"dateModified\":\"2025-09-13T00:30:19+00:00\",\"description\":\"Des articles sur le wellness, le bien-\u00eatre, le yoga, m\u00e9diter, vivre zen, vivre bien.... le developpement personnel, la sant\u00e9 et la forme, le bonheur et plus encore :)\",\"breadcrumb\":{\"@id\":\"https:\/\/www.moonsaia.com\/moonsaia-blog\/#breadcrumb\"},\"inLanguage\":\"en-US\",\"potentialAction\":[{\"@type\":\"ReadAction\",\"target\":[\"https:\/\/www.moonsaia.com\/moonsaia-blog\/\"]}]},{\"@type\":\"ImageObject\",\"inLanguage\":\"en-US\",\"@id\":\"https:\/\/www.moonsaia.com\/moonsaia-blog\/#primaryimage\",\"url\":\"https:\/\/www.moonsaia.com\/wp-content\/uploads\/2021\/12\/cropped-view-of-a-woman-holding-a-yoga-mat-after-p-2021-08-29-12-15-05-utc-scaled-e1639622703898.jpg\",\"contentUrl\":\"https:\/\/www.moonsaia.com\/wp-content\/uploads\/2021\/12\/cropped-view-of-a-woman-holding-a-yoga-mat-after-p-2021-08-29-12-15-05-utc-scaled-e1639622703898.jpg\",\"width\":600,\"height\":401,\"caption\":\"woman holding a yoga mat after practicing at home\"},{\"@type\":\"BreadcrumbList\",\"@id\":\"https:\/\/www.moonsaia.com\/moonsaia-blog\/#breadcrumb\",\"itemListElement\":[{\"@type\":\"ListItem\",\"position\":1,\"name\":\"Accueil\",\"item\":\"https:\/\/www.moonsaia.com\/\"},{\"@type\":\"ListItem\",\"position\":2,\"name\":\"Blog\"}]},{\"@type\":\"WebSite\",\"@id\":\"https:\/\/www.moonsaia.com\/#website\",\"url\":\"https:\/\/www.moonsaia.com\/\",\"name\":\"Moonsa\u00efa Yoga\",\"description\":\"Wellness &amp; Yoga\",\"publisher\":{\"@id\":\"https:\/\/www.moonsaia.com\/#organization\"},\"potentialAction\":[{\"@type\":\"SearchAction\",\"target\":{\"@type\":\"EntryPoint\",\"urlTemplate\":\"https:\/\/www.moonsaia.com\/?s={search_term_string}\"},\"query-input\":{\"@type\":\"PropertyValueSpecification\",\"valueRequired\":true,\"valueName\":\"search_term_string\"}}],\"inLanguage\":\"en-US\"},{\"@type\":\"Organization\",\"@id\":\"https:\/\/www.moonsaia.com\/#organization\",\"name\":\"moonsa\u00efa\",\"url\":\"https:\/\/www.moonsaia.com\/\",\"logo\":{\"@type\":\"ImageObject\",\"inLanguage\":\"en-US\",\"@id\":\"https:\/\/www.moonsaia.com\/#\/schema\/logo\/image\/\",\"url\":\"https:\/\/www.moonsaia.com\/wp-content\/uploads\/2020\/05\/logo-transp.png\",\"contentUrl\":\"https:\/\/www.moonsaia.com\/wp-content\/uploads\/2020\/05\/logo-transp.png\",\"width\":577,\"height\":554,\"caption\":\"moonsa\u00efa\"},\"image\":{\"@id\":\"https:\/\/www.moonsaia.com\/#\/schema\/logo\/image\/\"},\"sameAs\":[\"https:\/\/www.instagram.com\/moonsaia\/?hl=fr\"]}]}<\/script>\n<!-- \/ Yoast SEO plugin. -->","yoast_head_json":{"title":"Blog &#8902; Moonsaia","description":"Des articles sur le wellness, le bien-\u00eatre, le yoga, m\u00e9diter, vivre zen, vivre bien.... le developpement personnel, la sant\u00e9 et la forme, le bonheur et plus encore :)","robots":{"index":"index","follow":"follow","max-snippet":"max-snippet:-1","max-image-preview":"max-image-preview:large","max-video-preview":"max-video-preview:-1"},"canonical":"https:\/\/www.moonsaia.com\/en\/moonsaia-blog\/","og_locale":"en_US","og_type":"article","og_title":"Blog &#8902; Moonsaia","og_description":"Des articles sur le wellness, le bien-\u00eatre, le yoga, m\u00e9diter, vivre zen, vivre bien.... le developpement personnel, la sant\u00e9 et la forme, le bonheur et plus encore :)","og_url":"https:\/\/www.moonsaia.com\/en\/moonsaia-blog\/","og_site_name":"Moonsaia","article_modified_time":"2025-09-13T00:30:19+00:00","og_image":[{"width":2560,"height":1707,"url":"https:\/\/www.moonsaia.com\/wp-content\/uploads\/2021\/12\/blog-2021-08-26-15-42-03-utc-scaled.jpg","type":"image\/jpeg"}],"twitter_card":"summary_large_image","twitter_misc":{"Est. reading time":"1 minute"},"schema":{"@context":"https:\/\/schema.org","@graph":[{"@type":"WebPage","@id":"https:\/\/www.moonsaia.com\/moonsaia-blog\/","url":"https:\/\/www.moonsaia.com\/moonsaia-blog\/","name":"Blog &#8902; Moonsaia","isPartOf":{"@id":"https:\/\/www.moonsaia.com\/#website"},"primaryImageOfPage":{"@id":"https:\/\/www.moonsaia.com\/moonsaia-blog\/#primaryimage"},"image":{"@id":"https:\/\/www.moonsaia.com\/moonsaia-blog\/#primaryimage"},"thumbnailUrl":"https:\/\/www.moonsaia.com\/wp-content\/uploads\/2021\/12\/cropped-view-of-a-woman-holding-a-yoga-mat-after-p-2021-08-29-12-15-05-utc-scaled-e1639622703898.jpg","datePublished":"2021-12-15T20:53:15+00:00","dateModified":"2025-09-13T00:30:19+00:00","description":"Des articles sur le wellness, le bien-\u00eatre, le yoga, m\u00e9diter, vivre zen, vivre bien.... le developpement personnel, la sant\u00e9 et la forme, le bonheur et plus encore :)","breadcrumb":{"@id":"https:\/\/www.moonsaia.com\/moonsaia-blog\/#breadcrumb"},"inLanguage":"en-US","potentialAction":[{"@type":"ReadAction","target":["https:\/\/www.moonsaia.com\/moonsaia-blog\/"]}]},{"@type":"ImageObject","inLanguage":"en-US","@id":"https:\/\/www.moonsaia.com\/moonsaia-blog\/#primaryimage","url":"https:\/\/www.moonsaia.com\/wp-content\/uploads\/2021\/12\/cropped-view-of-a-woman-holding-a-yoga-mat-after-p-2021-08-29-12-15-05-utc-scaled-e1639622703898.jpg","contentUrl":"https:\/\/www.moonsaia.com\/wp-content\/uploads\/2021\/12\/cropped-view-of-a-woman-holding-a-yoga-mat-after-p-2021-08-29-12-15-05-utc-scaled-e1639622703898.jpg","width":600,"height":401,"caption":"woman holding a yoga mat after practicing at home"},{"@type":"BreadcrumbList","@id":"https:\/\/www.moonsaia.com\/moonsaia-blog\/#breadcrumb","itemListElement":[{"@type":"ListItem","position":1,"name":"Accueil","item":"https:\/\/www.moonsaia.com\/"},{"@type":"ListItem","position":2,"name":"Blog"}]},{"@type":"WebSite","@id":"https:\/\/www.moonsaia.com\/#website","url":"https:\/\/www.moonsaia.com\/","name":"Moonsa\u00efa Yoga","description":"Wellness &amp; Yoga","publisher":{"@id":"https:\/\/www.moonsaia.com\/#organization"},"potentialAction":[{"@type":"SearchAction","target":{"@type":"EntryPoint","urlTemplate":"https:\/\/www.moonsaia.com\/?s={search_term_string}"},"query-input":{"@type":"PropertyValueSpecification","valueRequired":true,"valueName":"search_term_string"}}],"inLanguage":"en-US"},{"@type":"Organization","@id":"https:\/\/www.moonsaia.com\/#organization","name":"moonsa\u00efa","url":"https:\/\/www.moonsaia.com\/","logo":{"@type":"ImageObject","inLanguage":"en-US","@id":"https:\/\/www.moonsaia.com\/#\/schema\/logo\/image\/","url":"https:\/\/www.moonsaia.com\/wp-content\/uploads\/2020\/05\/logo-transp.png","contentUrl":"https:\/\/www.moonsaia.com\/wp-content\/uploads\/2020\/05\/logo-transp.png","width":577,"height":554,"caption":"moonsa\u00efa"},"image":{"@id":"https:\/\/www.moonsaia.com\/#\/schema\/logo\/image\/"},"sameAs":["https:\/\/www.instagram.com\/moonsaia\/?hl=fr"]}]}},"_links":{"self":[{"href":"https:\/\/www.moonsaia.com\/en\/wp-json\/wp\/v2\/pages\/2177","targetHints":{"allow":["GET"]}}],"collection":[{"href":"https:\/\/www.moonsaia.com\/en\/wp-json\/wp\/v2\/pages"}],"about":[{"href":"https:\/\/www.moonsaia.com\/en\/wp-json\/wp\/v2\/types\/page"}],"author":[{"embeddable":true,"href":"https:\/\/www.moonsaia.com\/en\/wp-json\/wp\/v2\/users\/1"}],"replies":[{"embeddable":true,"href":"https:\/\/www.moonsaia.com\/en\/wp-json\/wp\/v2\/comments?post=2177"}],"version-history":[{"count":3,"href":"https:\/\/www.moonsaia.com\/en\/wp-json\/wp\/v2\/pages\/2177\/revisions"}],"predecessor-version":[{"id":2402,"href":"https:\/\/www.moonsaia.com\/en\/wp-json\/wp\/v2\/pages\/2177\/revisions\/2402"}],"wp:featuredmedia":[{"embeddable":true,"href":"https:\/\/www.moonsaia.com\/en\/wp-json\/wp\/v2\/media\/2261"}],"wp:attachment":[{"href":"https:\/\/www.moonsaia.com\/en\/wp-json\/wp\/v2\/media?parent=2177"}],"curies":[{"name":"wp","href":"https:\/\/api.w.org\/{rel}","templated":true}]}}