{"id":1316,"date":"2020-11-09T22:14:30","date_gmt":"2020-11-09T21:14:30","guid":{"rendered":"https:\/\/www.moonsaia.com\/?post_type=product&#038;p=1316"},"modified":"2025-08-02T23:51:24","modified_gmt":"2025-08-02T21:51:24","slug":"bougies-doreille-aromatherapie-indienne","status":"publish","type":"product","link":"https:\/\/www.moonsaia.com\/en\/product\/bougies-doreille-aromatherapie-indienne\/","title":{"rendered":"EAR CANDLES -\nINDIAN AROMATHERAPY"},"content":{"rendered":"","protected":false},"excerpt":{"rendered":"<h2 class=\"gmail-rich-text__heading gmail-separator gmail-has-animated\">Treat yourself to a moment of relaxation<\/h2>\n<p>Discover the candles - Ear Candle - allowing a deep cleaning, as well as a moment of unique relaxation<\/p>\n<p>More reassuring, safer than a cotton swab, the ear candle is non-invasive, and wicks earwax and 99.9% of other dirt in your ears. Thanks to this reliable &amp; effective method, nasal congestion, sinuses, wheezing or tinnitus phenomena will thus be reduced or eliminated.<\/p>\n<blockquote>\n<div><\/div>\n<\/blockquote>\n<div class=\"gmail-rich-text__body-text gmail-rich-text__body-text--medium gmail-rte-setting\">\n<div>A natural &amp; non-intrusive procedure that can help alleviate chronic headaches, sinus disorders, allergies, minor hearing loss due to excessive earwax build-up. It also allows for the release of blocked energy &amp; happens to be a very soothing relaxation.<\/div>\n<\/div>\n<div><\/div>\n<div><\/div>\n<p>They can therefore help reduce stress &amp; tension. Ear candle practitioners do not claim that they cure these conditions, but that this method can bring balance &amp; therefore promote healing.<\/p>\n<p>Natural &amp; non-toxic, the ear candle is also ecological. Its compositions provide a clean, constant, slow-burning flame that leaves very little ash or debris.<\/p>\n<p>&nbsp;<\/p>\n<h2 class=\"gmail-feature-row__heading gmail-h3 gmail-separator gmail-has-animated\">EAR-CANDLES THEREFORE ALLOW :<\/h2>\n<p>&nbsp;<\/p>\n<div class=\"gmail-rte-setting gmail-featured-row__subtext\">\n<p>- A deep cleaning of the ears, earwax, bacteria and all other debris from the ear canal<\/p>\n<p>- Improve your hearing, limit tinnitus.<\/p>\n<p>- Allow a deep relaxation<\/p>\n<p>- Stimulate lymphatic circulation and relieve the maxillary sinuses as well as the Eustachian tube.<\/p>\n<p>- Burning the candle heats the earwax which allows the earwax to melt and be evacuated<\/p>\n<p>- A natural and safe method.<\/p>\n<p>&nbsp;<\/p>\n<h2 class=\"gmail-feature-row__heading gmail-h3 gmail-separator gmail-has-animated\">HOW IT WORKS ?<\/h2>\n<p>By burning, your ear candle has two effects on your ear canal:<\/p>\n<div class=\"gmail-rte-setting gmail-featured-row__subtext\">\n<p>- Thanks to the heat which penetrates into the ear, the blood supply is stimulated, and the softening of the earwax is promoted<\/p>\n<p>- The rising hot air caused by the candle creates a stack effect. Impurities and deposits present in the ear canal are then sucked into the candle and gently removed.<\/p>\n<\/div>\n<\/div>\n<p>&nbsp;<\/p>\n<div class=\"gmail-rte-setting gmail-featured-row__subtext\">\n<p><strong>Use :<\/strong><\/p>\n<\/div>\n<div id=\"gmail-shopify-section-1478026923193\" class=\"gmail-shopify-section gmail-index-section gmail-index-section--image-with-text\">\n<div class=\"gmail-feature-row gmail-feature-row--1478026923193 gmail-feature-row--small gmail-feature-row__image-crop--none\">\n<div class=\"gmail-feature-row__item gmail-feature-row__text\">\n<p><span style=\"color: #666699;\">1. Prepare your relaxation in a preferably quiet room, at room temperature &amp; soft lighting. You can put soft music in the background. Prepare the items: a pair of aromatherapy ear candles, a lighter, a paper towel, a glass of water, a mirror, a cotton swab.<\/span><\/p>\n<p><span style=\"color: #666699;\">2. Lie down in a comfortable position and tilt your head to one side. It may be easier to have someone help you, especially if this is your first experience with Candling. Or you can help yourself from the mirror.<\/span><\/p>\n<p><span style=\"color: #666699;\">3. Place the candle gently into the outer opening of the ear. The ear candle is equipped with a small, comfortable earpiece. Use a lighter to light the candle, which you will place vertically in the ear. Hold it with one hand. You will probably feel a wonderful crackle or a soft hissing sound during the burn which lasts approximately 10 to 12 minutes.<\/span><\/p>\n<p><span style=\"color: #666699;\">5. When the candle is burnt to the safety line, it can be removed and placed in the cup to extinguish. Then clean your ear with a damp cotton swab and continue on the other side, with the second candle.<\/span><\/p>\n<p><em><br \/>\nIf there is residue and bacteria in the ear, a slight noise is normal. Do not swim and avoid putting your head under water for 24 hours.\u00a0<\/em><em>It is recommended to use 1 to 2 pairs of ear candles at a time.<\/em><\/p>\n<p>&nbsp;<\/p>\n<p><strong>Contraindications:<\/strong><\/p>\n<p>Do not use in case of perforated eardrum, suppurative ear disease, fungal infection and allergy to ear candle. Pregnant women, menstrual period, purulent ear.<\/p>\n<p>&nbsp;<\/p>\n<p><strong>Material <\/strong>Wax material, natural material Length: Approx. 24cm x 0.8cm. Color: green Quantity: set of 2 candles.<\/p>\n<p><em>Goods are sometimes squeezed during transportation, and may be slightly deformed due to their fragility, but this will not affect normal use. Don't worry if this is the case.\u00a0<\/em><\/p>\n<p>&nbsp;<\/p>\n<\/div>\n<\/div>\n<\/div>","protected":false},"featured_media":1317,"template":"","meta":[],"product_brand":[],"product_cat":[15],"product_tag":[],"class_list":{"0":"post-1316","1":"product","2":"type-product","3":"status-publish","4":"has-post-thumbnail","6":"product_cat-wellness","7":"product_shipping_class-light","9":"first","10":"instock","11":"sale","12":"shipping-taxable","13":"purchasable","14":"product-type-simple"},"yoast_head":"<!-- This site is optimized with the Yoast SEO plugin v27.2 - https:\/\/yoast.com\/product\/yoast-seo-wordpress\/ -->\n<title>Bougies d&#039;oreille aromath\u00e9rapie indienne &#8902; Moonsaia<\/title>\n<meta name=\"robots\" content=\"index, follow, max-snippet:-1, max-image-preview:large, max-video-preview:-1\" \/>\n<link rel=\"canonical\" href=\"https:\/\/www.moonsaia.com\/en\/product\/bougies-doreille-aromatherapie-indienne\/\" \/>\n<meta property=\"og:locale\" content=\"en_US\" \/>\n<meta property=\"og:type\" content=\"article\" \/>\n<meta property=\"og:title\" content=\"Bougies d&#039;oreille aromath\u00e9rapie indienne &#8902; Moonsaia\" \/>\n<meta property=\"og:description\" content=\"Offrez-vous un moment de d\u00e9tente D\u00e9couvrez les bougies - Ear Candle - permettant un nettoyage en profondeur, ainsi qu&#039;un moment de d\u00e9tente &amp; de relaxation unique.  Plus rassurant, plus s\u00fbr que le coton tige, la bougie d&#039;oreille est non invasive, et \u00e9vacue le c\u00e9rumen et 99,9% des autres salet\u00e9s dans vos oreilles. Gr\u00e2ce \u00e0 cette m\u00e9thode fiable &amp; efficace, les congestions nasales, les sinus, les ph\u00e9nom\u00e8nes d&#039;oreille qui siffle ou d&#039;acouph\u00e8nes seront ainsi r\u00e9duis ou supprim\u00e9s.    Une proc\u00e9dure naturelle &amp; non intrusive qui peut aider \u00e0 att\u00e9nuer les maux de t\u00eate chroniques, les troubles des sinus, les allergies, la perte auditive mineure due \u00e0 l&#039;accumulation excessive de c\u00e9rumen. Cela permet \u00e9galement la lib\u00e9ration d&#039;\u00e9nergie bloqu\u00e9e &amp; se trouve \u00eatre une relaxation tr\u00e8s apaisante.    Elles peuvent de ce fait aider \u00e0 r\u00e9duire le stress &amp; tensions. Les praticiens de la bougie d&#039;oreille ne pr\u00e9tendent pas qu&#039;ils gu\u00e9rissent ces conditions, mais que cette m\u00e9thode peut apporter l&#039;\u00e9quilibre &amp; donc\u00a0 favoriser la gu\u00e9rison.  Naturelle &amp; non toxique, la bougie d&#039;oreille est aussi \u00e9cologique.\u00a0\u00a0Ses compositions permettent d&#039;obtenir une flamme propre, constante et \u00e0 combustion lente, qui ne fait que tr\u00e8s peu de cendre ou de d\u00e9bris.  &nbsp; Les bougies Ear-Candle permettent donc : &nbsp;   -\u00a0 Un nettoyage en profondeur des oreilles, du c\u00e9rumen, des bact\u00e9ries et tous autres d\u00e9bris du conduit auditif  - Am\u00e9liorer votre audition, limiter les acouph\u00e8nes.  - Permettre une profonde relaxation  -\u00a0 Stimuler la circulation lymphatique et soulager les sinus maxillaires ainsi que la trompe d&#039;Eustache.  - La combustion de la bougie r\u00e9chauffe le c\u00e9rumen qui permet\u00a0 au c\u00e9rumen de fondre et d&#039;\u00eatre \u00e9vacu\u00e9  - Une m\u00e9thode naturelle et sure.  &nbsp; Comment \u00e7a marche ? En br\u00fblant, votre bougie d&#039;oreille a deux effets sur votre conduit auditif:   - Gr\u00e2ce \u00e0 la chaleur qui p\u00e9n\u00e8tre dans l&#039;oreille, l&#039;irrigation sanguine est\u00a0stimul\u00e9e, et le ramollissement du c\u00e9rumen\u00a0est favoris\u00e9  - La remont\u00e9e d&#039;air chaud que la bougie provoque permet de cr\u00e9er un effet chemin\u00e9e. Les impuret\u00e9s et les d\u00e9p\u00f4ts pr\u00e9sents dans le canal auriculaire sont alors aspir\u00e9s dans la bougie et \u00e9limin\u00e9s en douceur.    &nbsp;   Utilisation :       1. Pr\u00e9parez votre relaxation dans une pi\u00e8ce de pr\u00e9f\u00e9rence silencieuse, \u00e0 temp\u00e9rature ambiante &amp; \u00e9clairage doux. Vous pouvez mettre une musique douce en arri\u00e8re-plan. Pr\u00e9parez les articles: une paire de bougies d&#039;oreilles d&#039;aromath\u00e9rapie, un briquet, un essuie-tout, un verre d&#039;eau, un miroir, un coton-tige.  2. Allongez-vous dans une position confortable et\u00a0 et inclinez votre t\u00eate d&#039;un c\u00f4t\u00e9. Cela peut \u00eatre plus facile d&#039;avoir quelqu&#039;un\u00a0 pour vous aider, surtout si c&#039;est votre premi\u00e8re exp\u00e9rience de Candling. Ou vous pouvez vous aider du miroir.  3. Placez la bougie doucement dans l&#039;ouverture ext\u00e9rieure de l&#039;oreille. La bougie d&#039;oreille est \u00e9quip\u00e9e d&#039;un petit \u00e9couteur confortable. Utilisez un briquet pour allumer la bougie que vous placerez verticalement dans l&#039;oreille. La tenir d&#039;une main. Vous ressentirez probablement un merveilleux cr\u00e9pitement ou un sifflement doux pendant la combustion qui dure approximativement 10 \u00e0 12 minutes.  5. Lorsque la bougie est br\u00fbl\u00e9e jusqu&#039;\u00e0 la ligne de s\u00e9curit\u00e9, elle peut \u00eatre enlev\u00e9e et plac\u00e9e dans la tasse pour s&#039;\u00e9teindre. Nettoyez ensuite votre oreille avec un coton-tige humide et continuez de l&#039;autre c\u00f4t\u00e9, avec la deuxi\u00e8me bougie.   S&#039;il y a des r\u00e9sidus et des bact\u00e9ries dans l&#039;oreille, un l\u00e9ger bruit est normal. Ne pas nager et \u00e9viter de mettre votre t\u00eate sous l&#039;eau dans les 24 heures qui suivent.\u00a0Il est recommand\u00e9 d&#039;utiliser 1 \u00e0 2 paires de bougies auriculaires \u00e0 la fois.  &nbsp;  Contre-indications:  Ne pas utiliser en cas de perforation du tympan, maladie de l&#039;oreille au stade suppuratif, infection fongique et allergie \u00e0 la bougie d&#039;oreille. Femmes enceintes, p\u00e9riode menstruelle, oreille purulente.  &nbsp;  Mati\u00e8re cire, mat\u00e9riau naturel\u00a0 \u00a0Longueur: Environ 24cm x 0,8cm environ.\u00a0 Couleur: vert\u00a0 \u00a0 Quantit\u00e9: set de 2 bougies.  Les marchandises sont parfois press\u00e9es pendant le transport, et peuvent \u00eatre l\u00e9g\u00e8rement d\u00e9form\u00e9es de part leur fragilit\u00e9, mais cela n&#039;affectera pas l&#039;utilisation normale. Ne vous inqui\u00e9tez pas si tel \u00e9tait le cas.\u00a0  &nbsp;\" \/>\n<meta property=\"og:url\" content=\"https:\/\/www.moonsaia.com\/en\/product\/bougies-doreille-aromatherapie-indienne\/\" \/>\n<meta property=\"og:site_name\" content=\"Moonsaia\" \/>\n<meta property=\"article:modified_time\" content=\"2025-08-02T21:51:24+00:00\" \/>\n<meta property=\"og:image\" content=\"https:\/\/www.moonsaia.com\/wp-content\/uploads\/2020\/11\/e5.jpg\" \/>\n\t<meta property=\"og:image:width\" content=\"480\" \/>\n\t<meta property=\"og:image:height\" content=\"483\" \/>\n\t<meta property=\"og:image:type\" content=\"image\/jpeg\" \/>\n<meta name=\"twitter:card\" content=\"summary_large_image\" \/>\n<script type=\"application\/ld+json\" class=\"yoast-schema-graph\">{\"@context\":\"https:\/\/schema.org\",\"@graph\":[{\"@type\":\"WebPage\",\"@id\":\"https:\/\/www.moonsaia.com\/produit\/bougies-doreille-aromatherapie-indienne\/\",\"url\":\"https:\/\/www.moonsaia.com\/produit\/bougies-doreille-aromatherapie-indienne\/\",\"name\":\"Bougies d'oreille aromath\u00e9rapie indienne &#8902; Moonsaia\",\"isPartOf\":{\"@id\":\"https:\/\/www.moonsaia.com\/#website\"},\"primaryImageOfPage\":{\"@id\":\"https:\/\/www.moonsaia.com\/produit\/bougies-doreille-aromatherapie-indienne\/#primaryimage\"},\"image\":{\"@id\":\"https:\/\/www.moonsaia.com\/produit\/bougies-doreille-aromatherapie-indienne\/#primaryimage\"},\"thumbnailUrl\":\"https:\/\/www.moonsaia.com\/wp-content\/uploads\/2020\/11\/e5.jpg\",\"datePublished\":\"2020-11-09T21:14:30+00:00\",\"dateModified\":\"2025-08-02T21:51:24+00:00\",\"breadcrumb\":{\"@id\":\"https:\/\/www.moonsaia.com\/produit\/bougies-doreille-aromatherapie-indienne\/#breadcrumb\"},\"inLanguage\":\"en-US\",\"potentialAction\":[{\"@type\":\"ReadAction\",\"target\":[\"https:\/\/www.moonsaia.com\/produit\/bougies-doreille-aromatherapie-indienne\/\"]}]},{\"@type\":\"ImageObject\",\"inLanguage\":\"en-US\",\"@id\":\"https:\/\/www.moonsaia.com\/produit\/bougies-doreille-aromatherapie-indienne\/#primaryimage\",\"url\":\"https:\/\/www.moonsaia.com\/wp-content\/uploads\/2020\/11\/e5.jpg\",\"contentUrl\":\"https:\/\/www.moonsaia.com\/wp-content\/uploads\/2020\/11\/e5.jpg\",\"width\":480,\"height\":483,\"caption\":\"bougie oreille\"},{\"@type\":\"BreadcrumbList\",\"@id\":\"https:\/\/www.moonsaia.com\/produit\/bougies-doreille-aromatherapie-indienne\/#breadcrumb\",\"itemListElement\":[{\"@type\":\"ListItem\",\"position\":1,\"name\":\"Accueil\",\"item\":\"https:\/\/www.moonsaia.com\/\"},{\"@type\":\"ListItem\",\"position\":2,\"name\":\"shop\",\"item\":\"https:\/\/www.moonsaia.com\/shop\/\"},{\"@type\":\"ListItem\",\"position\":3,\"name\":\"Bougies d&rsquo;oreille aromath\u00e9rapie indienne\"}]},{\"@type\":\"WebSite\",\"@id\":\"https:\/\/www.moonsaia.com\/#website\",\"url\":\"https:\/\/www.moonsaia.com\/\",\"name\":\"Moonsa\u00efa Yoga\",\"description\":\"Wellness &amp; Yoga\",\"publisher\":{\"@id\":\"https:\/\/www.moonsaia.com\/#organization\"},\"potentialAction\":[{\"@type\":\"SearchAction\",\"target\":{\"@type\":\"EntryPoint\",\"urlTemplate\":\"https:\/\/www.moonsaia.com\/?s={search_term_string}\"},\"query-input\":{\"@type\":\"PropertyValueSpecification\",\"valueRequired\":true,\"valueName\":\"search_term_string\"}}],\"inLanguage\":\"en-US\"},{\"@type\":\"Organization\",\"@id\":\"https:\/\/www.moonsaia.com\/#organization\",\"name\":\"moonsa\u00efa\",\"url\":\"https:\/\/www.moonsaia.com\/\",\"logo\":{\"@type\":\"ImageObject\",\"inLanguage\":\"en-US\",\"@id\":\"https:\/\/www.moonsaia.com\/#\/schema\/logo\/image\/\",\"url\":\"https:\/\/www.moonsaia.com\/wp-content\/uploads\/2020\/05\/logo-transp.png\",\"contentUrl\":\"https:\/\/www.moonsaia.com\/wp-content\/uploads\/2020\/05\/logo-transp.png\",\"width\":577,\"height\":554,\"caption\":\"moonsa\u00efa\"},\"image\":{\"@id\":\"https:\/\/www.moonsaia.com\/#\/schema\/logo\/image\/\"},\"sameAs\":[\"https:\/\/www.instagram.com\/moonsaia\/?hl=fr\"]}]}<\/script>\n<!-- \/ Yoast SEO plugin. -->","yoast_head_json":{"title":"Bougies d'oreille aromath\u00e9rapie indienne &#8902; Moonsaia","robots":{"index":"index","follow":"follow","max-snippet":"max-snippet:-1","max-image-preview":"max-image-preview:large","max-video-preview":"max-video-preview:-1"},"canonical":"https:\/\/www.moonsaia.com\/en\/product\/bougies-doreille-aromatherapie-indienne\/","og_locale":"en_US","og_type":"article","og_title":"Bougies d'oreille aromath\u00e9rapie indienne &#8902; Moonsaia","og_description":"Offrez-vous un moment de d\u00e9tente D\u00e9couvrez les bougies - Ear Candle - permettant un nettoyage en profondeur, ainsi qu'un moment de d\u00e9tente &amp; de relaxation unique.  Plus rassurant, plus s\u00fbr que le coton tige, la bougie d'oreille est non invasive, et \u00e9vacue le c\u00e9rumen et 99,9% des autres salet\u00e9s dans vos oreilles. Gr\u00e2ce \u00e0 cette m\u00e9thode fiable &amp; efficace, les congestions nasales, les sinus, les ph\u00e9nom\u00e8nes d'oreille qui siffle ou d'acouph\u00e8nes seront ainsi r\u00e9duis ou supprim\u00e9s.    Une proc\u00e9dure naturelle &amp; non intrusive qui peut aider \u00e0 att\u00e9nuer les maux de t\u00eate chroniques, les troubles des sinus, les allergies, la perte auditive mineure due \u00e0 l'accumulation excessive de c\u00e9rumen. Cela permet \u00e9galement la lib\u00e9ration d'\u00e9nergie bloqu\u00e9e &amp; se trouve \u00eatre une relaxation tr\u00e8s apaisante.    Elles peuvent de ce fait aider \u00e0 r\u00e9duire le stress &amp; tensions. Les praticiens de la bougie d'oreille ne pr\u00e9tendent pas qu'ils gu\u00e9rissent ces conditions, mais que cette m\u00e9thode peut apporter l'\u00e9quilibre &amp; donc\u00a0 favoriser la gu\u00e9rison.  Naturelle &amp; non toxique, la bougie d'oreille est aussi \u00e9cologique.\u00a0\u00a0Ses compositions permettent d'obtenir une flamme propre, constante et \u00e0 combustion lente, qui ne fait que tr\u00e8s peu de cendre ou de d\u00e9bris.  &nbsp; Les bougies Ear-Candle permettent donc : &nbsp;   -\u00a0 Un nettoyage en profondeur des oreilles, du c\u00e9rumen, des bact\u00e9ries et tous autres d\u00e9bris du conduit auditif  - Am\u00e9liorer votre audition, limiter les acouph\u00e8nes.  - Permettre une profonde relaxation  -\u00a0 Stimuler la circulation lymphatique et soulager les sinus maxillaires ainsi que la trompe d'Eustache.  - La combustion de la bougie r\u00e9chauffe le c\u00e9rumen qui permet\u00a0 au c\u00e9rumen de fondre et d'\u00eatre \u00e9vacu\u00e9  - Une m\u00e9thode naturelle et sure.  &nbsp; Comment \u00e7a marche ? En br\u00fblant, votre bougie d'oreille a deux effets sur votre conduit auditif:   - Gr\u00e2ce \u00e0 la chaleur qui p\u00e9n\u00e8tre dans l'oreille, l'irrigation sanguine est\u00a0stimul\u00e9e, et le ramollissement du c\u00e9rumen\u00a0est favoris\u00e9  - La remont\u00e9e d'air chaud que la bougie provoque permet de cr\u00e9er un effet chemin\u00e9e. Les impuret\u00e9s et les d\u00e9p\u00f4ts pr\u00e9sents dans le canal auriculaire sont alors aspir\u00e9s dans la bougie et \u00e9limin\u00e9s en douceur.    &nbsp;   Utilisation :       1. Pr\u00e9parez votre relaxation dans une pi\u00e8ce de pr\u00e9f\u00e9rence silencieuse, \u00e0 temp\u00e9rature ambiante &amp; \u00e9clairage doux. Vous pouvez mettre une musique douce en arri\u00e8re-plan. Pr\u00e9parez les articles: une paire de bougies d'oreilles d'aromath\u00e9rapie, un briquet, un essuie-tout, un verre d'eau, un miroir, un coton-tige.  2. Allongez-vous dans une position confortable et\u00a0 et inclinez votre t\u00eate d'un c\u00f4t\u00e9. Cela peut \u00eatre plus facile d'avoir quelqu'un\u00a0 pour vous aider, surtout si c'est votre premi\u00e8re exp\u00e9rience de Candling. Ou vous pouvez vous aider du miroir.  3. Placez la bougie doucement dans l'ouverture ext\u00e9rieure de l'oreille. La bougie d'oreille est \u00e9quip\u00e9e d'un petit \u00e9couteur confortable. Utilisez un briquet pour allumer la bougie que vous placerez verticalement dans l'oreille. La tenir d'une main. Vous ressentirez probablement un merveilleux cr\u00e9pitement ou un sifflement doux pendant la combustion qui dure approximativement 10 \u00e0 12 minutes.  5. Lorsque la bougie est br\u00fbl\u00e9e jusqu'\u00e0 la ligne de s\u00e9curit\u00e9, elle peut \u00eatre enlev\u00e9e et plac\u00e9e dans la tasse pour s'\u00e9teindre. Nettoyez ensuite votre oreille avec un coton-tige humide et continuez de l'autre c\u00f4t\u00e9, avec la deuxi\u00e8me bougie.   S'il y a des r\u00e9sidus et des bact\u00e9ries dans l'oreille, un l\u00e9ger bruit est normal. Ne pas nager et \u00e9viter de mettre votre t\u00eate sous l'eau dans les 24 heures qui suivent.\u00a0Il est recommand\u00e9 d'utiliser 1 \u00e0 2 paires de bougies auriculaires \u00e0 la fois.  &nbsp;  Contre-indications:  Ne pas utiliser en cas de perforation du tympan, maladie de l'oreille au stade suppuratif, infection fongique et allergie \u00e0 la bougie d'oreille. Femmes enceintes, p\u00e9riode menstruelle, oreille purulente.  &nbsp;  Mati\u00e8re cire, mat\u00e9riau naturel\u00a0 \u00a0Longueur: Environ 24cm x 0,8cm environ.\u00a0 Couleur: vert\u00a0 \u00a0 Quantit\u00e9: set de 2 bougies.  Les marchandises sont parfois press\u00e9es pendant le transport, et peuvent \u00eatre l\u00e9g\u00e8rement d\u00e9form\u00e9es de part leur fragilit\u00e9, mais cela n'affectera pas l'utilisation normale. Ne vous inqui\u00e9tez pas si tel \u00e9tait le cas.\u00a0  &nbsp;","og_url":"https:\/\/www.moonsaia.com\/en\/product\/bougies-doreille-aromatherapie-indienne\/","og_site_name":"Moonsaia","article_modified_time":"2025-08-02T21:51:24+00:00","og_image":[{"width":480,"height":483,"url":"https:\/\/www.moonsaia.com\/wp-content\/uploads\/2020\/11\/e5.jpg","type":"image\/jpeg"}],"twitter_card":"summary_large_image","schema":{"@context":"https:\/\/schema.org","@graph":[{"@type":"WebPage","@id":"https:\/\/www.moonsaia.com\/produit\/bougies-doreille-aromatherapie-indienne\/","url":"https:\/\/www.moonsaia.com\/produit\/bougies-doreille-aromatherapie-indienne\/","name":"Bougies d'oreille aromath\u00e9rapie indienne &#8902; Moonsaia","isPartOf":{"@id":"https:\/\/www.moonsaia.com\/#website"},"primaryImageOfPage":{"@id":"https:\/\/www.moonsaia.com\/produit\/bougies-doreille-aromatherapie-indienne\/#primaryimage"},"image":{"@id":"https:\/\/www.moonsaia.com\/produit\/bougies-doreille-aromatherapie-indienne\/#primaryimage"},"thumbnailUrl":"https:\/\/www.moonsaia.com\/wp-content\/uploads\/2020\/11\/e5.jpg","datePublished":"2020-11-09T21:14:30+00:00","dateModified":"2025-08-02T21:51:24+00:00","breadcrumb":{"@id":"https:\/\/www.moonsaia.com\/produit\/bougies-doreille-aromatherapie-indienne\/#breadcrumb"},"inLanguage":"en-US","potentialAction":[{"@type":"ReadAction","target":["https:\/\/www.moonsaia.com\/produit\/bougies-doreille-aromatherapie-indienne\/"]}]},{"@type":"ImageObject","inLanguage":"en-US","@id":"https:\/\/www.moonsaia.com\/produit\/bougies-doreille-aromatherapie-indienne\/#primaryimage","url":"https:\/\/www.moonsaia.com\/wp-content\/uploads\/2020\/11\/e5.jpg","contentUrl":"https:\/\/www.moonsaia.com\/wp-content\/uploads\/2020\/11\/e5.jpg","width":480,"height":483,"caption":"bougie oreille"},{"@type":"BreadcrumbList","@id":"https:\/\/www.moonsaia.com\/produit\/bougies-doreille-aromatherapie-indienne\/#breadcrumb","itemListElement":[{"@type":"ListItem","position":1,"name":"Accueil","item":"https:\/\/www.moonsaia.com\/"},{"@type":"ListItem","position":2,"name":"shop","item":"https:\/\/www.moonsaia.com\/shop\/"},{"@type":"ListItem","position":3,"name":"Bougies d&rsquo;oreille aromath\u00e9rapie indienne"}]},{"@type":"WebSite","@id":"https:\/\/www.moonsaia.com\/#website","url":"https:\/\/www.moonsaia.com\/","name":"Moonsa\u00efa Yoga","description":"Wellness &amp; Yoga","publisher":{"@id":"https:\/\/www.moonsaia.com\/#organization"},"potentialAction":[{"@type":"SearchAction","target":{"@type":"EntryPoint","urlTemplate":"https:\/\/www.moonsaia.com\/?s={search_term_string}"},"query-input":{"@type":"PropertyValueSpecification","valueRequired":true,"valueName":"search_term_string"}}],"inLanguage":"en-US"},{"@type":"Organization","@id":"https:\/\/www.moonsaia.com\/#organization","name":"moonsa\u00efa","url":"https:\/\/www.moonsaia.com\/","logo":{"@type":"ImageObject","inLanguage":"en-US","@id":"https:\/\/www.moonsaia.com\/#\/schema\/logo\/image\/","url":"https:\/\/www.moonsaia.com\/wp-content\/uploads\/2020\/05\/logo-transp.png","contentUrl":"https:\/\/www.moonsaia.com\/wp-content\/uploads\/2020\/05\/logo-transp.png","width":577,"height":554,"caption":"moonsa\u00efa"},"image":{"@id":"https:\/\/www.moonsaia.com\/#\/schema\/logo\/image\/"},"sameAs":["https:\/\/www.instagram.com\/moonsaia\/?hl=fr"]}]}},"_links":{"self":[{"href":"https:\/\/www.moonsaia.com\/en\/wp-json\/wp\/v2\/product\/1316","targetHints":{"allow":["GET"]}}],"collection":[{"href":"https:\/\/www.moonsaia.com\/en\/wp-json\/wp\/v2\/product"}],"about":[{"href":"https:\/\/www.moonsaia.com\/en\/wp-json\/wp\/v2\/types\/product"}],"version-history":[{"count":15,"href":"https:\/\/www.moonsaia.com\/en\/wp-json\/wp\/v2\/product\/1316\/revisions"}],"predecessor-version":[{"id":1346,"href":"https:\/\/www.moonsaia.com\/en\/wp-json\/wp\/v2\/product\/1316\/revisions\/1346"}],"wp:featuredmedia":[{"embeddable":true,"href":"https:\/\/www.moonsaia.com\/en\/wp-json\/wp\/v2\/media\/1317"}],"wp:attachment":[{"href":"https:\/\/www.moonsaia.com\/en\/wp-json\/wp\/v2\/media?parent=1316"}],"wp:term":[{"taxonomy":"product_brand","embeddable":true,"href":"https:\/\/www.moonsaia.com\/en\/wp-json\/wp\/v2\/product_brand?post=1316"},{"taxonomy":"product_cat","embeddable":true,"href":"https:\/\/www.moonsaia.com\/en\/wp-json\/wp\/v2\/product_cat?post=1316"},{"taxonomy":"product_tag","embeddable":true,"href":"https:\/\/www.moonsaia.com\/en\/wp-json\/wp\/v2\/product_tag?post=1316"}],"curies":[{"name":"wp","href":"https:\/\/api.w.org\/{rel}","templated":true}]}}