{"id":1668,"date":"2020-11-29T21:24:45","date_gmt":"2020-11-29T20:24:45","guid":{"rendered":"https:\/\/www.moonsaia.com\/?post_type=product&#038;p=1668"},"modified":"2025-08-02T23:50:48","modified_gmt":"2025-08-02T21:50:48","slug":"oxymetre-de-pouls","status":"publish","type":"product","link":"https:\/\/www.moonsaia.com\/en\/product\/oxymetre-de-pouls\/","title":{"rendered":"Pulse oximeter"},"content":{"rendered":"<p class=\"translation-block\"><strong><\/strong> Oximetry <\/b> is a painless &amp; non-invasive test, allowing us to measure our level<\/p>\n<p>of oxygen saturation in blood. It quickly analyzes the efficiency at which<\/p>\n<p>oxygen is delivered to parts of the body ( far from heart ) such as the fingers.<\/p>\n<p>Oxygen saturation should generally be greater than 95%.<\/p>\n<p>&nbsp;<\/p>\n<p><em>However, it<\/em><em>\u00a0varies from person to person. If you have respiratory disease <\/em><\/p>\n<p><em>or a heart disease you will have less than 95% oxygen saturation.\u00a0<\/em><\/p>\n<p>&nbsp;<\/p>\n<p><strong>The pulse oximeter<\/strong> is a small pliers that we place on a finger, the screen will display<\/p>\n<p>two statistics: the pulse rate (the heartbeat by<\/p>\n<p>minute) and the oxygen saturation in the blood.<\/p>\n<p><em>The result obtained<strong>\u00a0<\/strong>might be distorted if the sensor is incorrectly positioned, if you <\/em><\/p>\n<p><em>have high blood pressure, anemia, hypothermia, if the oximeter is too small for your <\/em><\/p>\n<p><em>finger or if you move during the analysis ...\u00a0<\/em><\/p>\n<p>&nbsp;<\/p>\n<p>Your pulse oximeter should not replace a doctor's check. It simply allows<\/p>\n<p>monitoring your oxygenation (and detecting a possible drop in oxygen). In<\/p>\n<p>case of symptoms (shortness of breath, difficulty in breathing, etc.) you must request a<\/p>\n<p>medical advice even if your oximeter shows that all is well.<\/p>","protected":false},"excerpt":{"rendered":"<h3>The essential item to have at home, for <strong>sportive people<\/strong> or for any simple <strong>routine<\/strong>\u00a0<strong>checks<\/strong> of your health<\/h3>\n<p class=\"translation-block\">It calculates <strong> in a few seconds <\/strong> your <strong> heartbeat <\/strong> as well as the <strong> oxygen saturation in your blood. <\/strong><\/p>\n<p>Just turn it on, put it on your fingertip and you're done!<\/p>\n<p>Results appear in an instant ...<\/p>","protected":false},"featured_media":1673,"template":"","meta":[],"product_brand":[],"product_cat":[15],"product_tag":[],"class_list":{"0":"post-1668","1":"product","2":"type-product","3":"status-publish","4":"has-post-thumbnail","6":"product_cat-wellness","7":"product_shipping_class-49","9":"first","10":"onbackorder","11":"sale","12":"shipping-taxable","13":"purchasable","14":"product-type-simple"},"yoast_head":"<!-- This site is optimized with the Yoast SEO plugin v27.2 - https:\/\/yoast.com\/product\/yoast-seo-wordpress\/ -->\n<title>Oxym\u00e8tre de pouls &#8902; Moonsaia<\/title>\n<meta name=\"robots\" content=\"index, follow, max-snippet:-1, max-image-preview:large, max-video-preview:-1\" \/>\n<link rel=\"canonical\" href=\"https:\/\/www.moonsaia.com\/en\/product\/oxymetre-de-pouls\/\" \/>\n<meta property=\"og:locale\" content=\"en_US\" \/>\n<meta property=\"og:type\" content=\"article\" \/>\n<meta property=\"og:title\" content=\"Oxym\u00e8tre de pouls &#8902; Moonsaia\" \/>\n<meta property=\"og:description\" content=\"L&#039;objet essentiel \u00e0 avoir chez soi, pour les sportifs ou de simple contr\u00f4les\u00a0de routine de votre sant\u00e9. Il permet decalculer en quelques secondes vos pulsations cardiaques\u00a0ainsi que\u00a0la saturation d&#039;oxyg\u00e8ne dans votre sang.  Il suffit de l&#039;allumer, de le mettre au bout du doigt &amp; le tour est jou\u00e9 !  Les r\u00e9sultats apparaissent en un instant...\" \/>\n<meta property=\"og:url\" content=\"https:\/\/www.moonsaia.com\/en\/product\/oxymetre-de-pouls\/\" \/>\n<meta property=\"og:site_name\" content=\"Moonsaia\" \/>\n<meta property=\"article:modified_time\" content=\"2025-08-02T21:50:48+00:00\" \/>\n<meta property=\"og:image\" content=\"https:\/\/www.moonsaia.com\/wp-content\/uploads\/2020\/11\/oximetre-bleu.jpg\" \/>\n\t<meta property=\"og:image:width\" content=\"555\" \/>\n\t<meta property=\"og:image:height\" content=\"514\" \/>\n\t<meta property=\"og:image:type\" content=\"image\/jpeg\" \/>\n<meta name=\"twitter:card\" content=\"summary_large_image\" \/>\n<meta name=\"twitter:label1\" content=\"Est. reading time\" \/>\n\t<meta name=\"twitter:data1\" content=\"2 minutes\" \/>\n<script type=\"application\/ld+json\" class=\"yoast-schema-graph\">{\"@context\":\"https:\/\/schema.org\",\"@graph\":[{\"@type\":\"WebPage\",\"@id\":\"https:\/\/www.moonsaia.com\/produit\/oxymetre-de-pouls\/\",\"url\":\"https:\/\/www.moonsaia.com\/produit\/oxymetre-de-pouls\/\",\"name\":\"Oxym\u00e8tre de pouls &#8902; Moonsaia\",\"isPartOf\":{\"@id\":\"https:\/\/www.moonsaia.com\/#website\"},\"primaryImageOfPage\":{\"@id\":\"https:\/\/www.moonsaia.com\/produit\/oxymetre-de-pouls\/#primaryimage\"},\"image\":{\"@id\":\"https:\/\/www.moonsaia.com\/produit\/oxymetre-de-pouls\/#primaryimage\"},\"thumbnailUrl\":\"https:\/\/www.moonsaia.com\/wp-content\/uploads\/2020\/11\/oximetre-bleu.jpg\",\"datePublished\":\"2020-11-29T20:24:45+00:00\",\"dateModified\":\"2025-08-02T21:50:48+00:00\",\"breadcrumb\":{\"@id\":\"https:\/\/www.moonsaia.com\/produit\/oxymetre-de-pouls\/#breadcrumb\"},\"inLanguage\":\"en-US\",\"potentialAction\":[{\"@type\":\"ReadAction\",\"target\":[\"https:\/\/www.moonsaia.com\/produit\/oxymetre-de-pouls\/\"]}]},{\"@type\":\"ImageObject\",\"inLanguage\":\"en-US\",\"@id\":\"https:\/\/www.moonsaia.com\/produit\/oxymetre-de-pouls\/#primaryimage\",\"url\":\"https:\/\/www.moonsaia.com\/wp-content\/uploads\/2020\/11\/oximetre-bleu.jpg\",\"contentUrl\":\"https:\/\/www.moonsaia.com\/wp-content\/uploads\/2020\/11\/oximetre-bleu.jpg\",\"width\":555,\"height\":514},{\"@type\":\"BreadcrumbList\",\"@id\":\"https:\/\/www.moonsaia.com\/produit\/oxymetre-de-pouls\/#breadcrumb\",\"itemListElement\":[{\"@type\":\"ListItem\",\"position\":1,\"name\":\"Accueil\",\"item\":\"https:\/\/www.moonsaia.com\/\"},{\"@type\":\"ListItem\",\"position\":2,\"name\":\"shop\",\"item\":\"https:\/\/www.moonsaia.com\/shop\/\"},{\"@type\":\"ListItem\",\"position\":3,\"name\":\"Oxym\u00e8tre de pouls\"}]},{\"@type\":\"WebSite\",\"@id\":\"https:\/\/www.moonsaia.com\/#website\",\"url\":\"https:\/\/www.moonsaia.com\/\",\"name\":\"Moonsa\u00efa Yoga\",\"description\":\"Wellness &amp; Yoga\",\"publisher\":{\"@id\":\"https:\/\/www.moonsaia.com\/#organization\"},\"potentialAction\":[{\"@type\":\"SearchAction\",\"target\":{\"@type\":\"EntryPoint\",\"urlTemplate\":\"https:\/\/www.moonsaia.com\/?s={search_term_string}\"},\"query-input\":{\"@type\":\"PropertyValueSpecification\",\"valueRequired\":true,\"valueName\":\"search_term_string\"}}],\"inLanguage\":\"en-US\"},{\"@type\":\"Organization\",\"@id\":\"https:\/\/www.moonsaia.com\/#organization\",\"name\":\"moonsa\u00efa\",\"url\":\"https:\/\/www.moonsaia.com\/\",\"logo\":{\"@type\":\"ImageObject\",\"inLanguage\":\"en-US\",\"@id\":\"https:\/\/www.moonsaia.com\/#\/schema\/logo\/image\/\",\"url\":\"https:\/\/www.moonsaia.com\/wp-content\/uploads\/2020\/05\/logo-transp.png\",\"contentUrl\":\"https:\/\/www.moonsaia.com\/wp-content\/uploads\/2020\/05\/logo-transp.png\",\"width\":577,\"height\":554,\"caption\":\"moonsa\u00efa\"},\"image\":{\"@id\":\"https:\/\/www.moonsaia.com\/#\/schema\/logo\/image\/\"},\"sameAs\":[\"https:\/\/www.instagram.com\/moonsaia\/?hl=fr\"]}]}<\/script>\n<!-- \/ Yoast SEO plugin. -->","yoast_head_json":{"title":"Oxym\u00e8tre de pouls &#8902; Moonsaia","robots":{"index":"index","follow":"follow","max-snippet":"max-snippet:-1","max-image-preview":"max-image-preview:large","max-video-preview":"max-video-preview:-1"},"canonical":"https:\/\/www.moonsaia.com\/en\/product\/oxymetre-de-pouls\/","og_locale":"en_US","og_type":"article","og_title":"Oxym\u00e8tre de pouls &#8902; Moonsaia","og_description":"L'objet essentiel \u00e0 avoir chez soi, pour les sportifs ou de simple contr\u00f4les\u00a0de routine de votre sant\u00e9. Il permet decalculer en quelques secondes vos pulsations cardiaques\u00a0ainsi que\u00a0la saturation d'oxyg\u00e8ne dans votre sang.  Il suffit de l'allumer, de le mettre au bout du doigt &amp; le tour est jou\u00e9 !  Les r\u00e9sultats apparaissent en un instant...","og_url":"https:\/\/www.moonsaia.com\/en\/product\/oxymetre-de-pouls\/","og_site_name":"Moonsaia","article_modified_time":"2025-08-02T21:50:48+00:00","og_image":[{"width":555,"height":514,"url":"https:\/\/www.moonsaia.com\/wp-content\/uploads\/2020\/11\/oximetre-bleu.jpg","type":"image\/jpeg"}],"twitter_card":"summary_large_image","twitter_misc":{"Est. reading time":"2 minutes"},"schema":{"@context":"https:\/\/schema.org","@graph":[{"@type":"WebPage","@id":"https:\/\/www.moonsaia.com\/produit\/oxymetre-de-pouls\/","url":"https:\/\/www.moonsaia.com\/produit\/oxymetre-de-pouls\/","name":"Oxym\u00e8tre de pouls &#8902; Moonsaia","isPartOf":{"@id":"https:\/\/www.moonsaia.com\/#website"},"primaryImageOfPage":{"@id":"https:\/\/www.moonsaia.com\/produit\/oxymetre-de-pouls\/#primaryimage"},"image":{"@id":"https:\/\/www.moonsaia.com\/produit\/oxymetre-de-pouls\/#primaryimage"},"thumbnailUrl":"https:\/\/www.moonsaia.com\/wp-content\/uploads\/2020\/11\/oximetre-bleu.jpg","datePublished":"2020-11-29T20:24:45+00:00","dateModified":"2025-08-02T21:50:48+00:00","breadcrumb":{"@id":"https:\/\/www.moonsaia.com\/produit\/oxymetre-de-pouls\/#breadcrumb"},"inLanguage":"en-US","potentialAction":[{"@type":"ReadAction","target":["https:\/\/www.moonsaia.com\/produit\/oxymetre-de-pouls\/"]}]},{"@type":"ImageObject","inLanguage":"en-US","@id":"https:\/\/www.moonsaia.com\/produit\/oxymetre-de-pouls\/#primaryimage","url":"https:\/\/www.moonsaia.com\/wp-content\/uploads\/2020\/11\/oximetre-bleu.jpg","contentUrl":"https:\/\/www.moonsaia.com\/wp-content\/uploads\/2020\/11\/oximetre-bleu.jpg","width":555,"height":514},{"@type":"BreadcrumbList","@id":"https:\/\/www.moonsaia.com\/produit\/oxymetre-de-pouls\/#breadcrumb","itemListElement":[{"@type":"ListItem","position":1,"name":"Accueil","item":"https:\/\/www.moonsaia.com\/"},{"@type":"ListItem","position":2,"name":"shop","item":"https:\/\/www.moonsaia.com\/shop\/"},{"@type":"ListItem","position":3,"name":"Oxym\u00e8tre de pouls"}]},{"@type":"WebSite","@id":"https:\/\/www.moonsaia.com\/#website","url":"https:\/\/www.moonsaia.com\/","name":"Moonsa\u00efa Yoga","description":"Wellness &amp; Yoga","publisher":{"@id":"https:\/\/www.moonsaia.com\/#organization"},"potentialAction":[{"@type":"SearchAction","target":{"@type":"EntryPoint","urlTemplate":"https:\/\/www.moonsaia.com\/?s={search_term_string}"},"query-input":{"@type":"PropertyValueSpecification","valueRequired":true,"valueName":"search_term_string"}}],"inLanguage":"en-US"},{"@type":"Organization","@id":"https:\/\/www.moonsaia.com\/#organization","name":"moonsa\u00efa","url":"https:\/\/www.moonsaia.com\/","logo":{"@type":"ImageObject","inLanguage":"en-US","@id":"https:\/\/www.moonsaia.com\/#\/schema\/logo\/image\/","url":"https:\/\/www.moonsaia.com\/wp-content\/uploads\/2020\/05\/logo-transp.png","contentUrl":"https:\/\/www.moonsaia.com\/wp-content\/uploads\/2020\/05\/logo-transp.png","width":577,"height":554,"caption":"moonsa\u00efa"},"image":{"@id":"https:\/\/www.moonsaia.com\/#\/schema\/logo\/image\/"},"sameAs":["https:\/\/www.instagram.com\/moonsaia\/?hl=fr"]}]}},"_links":{"self":[{"href":"https:\/\/www.moonsaia.com\/en\/wp-json\/wp\/v2\/product\/1668","targetHints":{"allow":["GET"]}}],"collection":[{"href":"https:\/\/www.moonsaia.com\/en\/wp-json\/wp\/v2\/product"}],"about":[{"href":"https:\/\/www.moonsaia.com\/en\/wp-json\/wp\/v2\/types\/product"}],"version-history":[{"count":12,"href":"https:\/\/www.moonsaia.com\/en\/wp-json\/wp\/v2\/product\/1668\/revisions"}],"predecessor-version":[{"id":1686,"href":"https:\/\/www.moonsaia.com\/en\/wp-json\/wp\/v2\/product\/1668\/revisions\/1686"}],"wp:featuredmedia":[{"embeddable":true,"href":"https:\/\/www.moonsaia.com\/en\/wp-json\/wp\/v2\/media\/1673"}],"wp:attachment":[{"href":"https:\/\/www.moonsaia.com\/en\/wp-json\/wp\/v2\/media?parent=1668"}],"wp:term":[{"taxonomy":"product_brand","embeddable":true,"href":"https:\/\/www.moonsaia.com\/en\/wp-json\/wp\/v2\/product_brand?post=1668"},{"taxonomy":"product_cat","embeddable":true,"href":"https:\/\/www.moonsaia.com\/en\/wp-json\/wp\/v2\/product_cat?post=1668"},{"taxonomy":"product_tag","embeddable":true,"href":"https:\/\/www.moonsaia.com\/en\/wp-json\/wp\/v2\/product_tag?post=1668"}],"curies":[{"name":"wp","href":"https:\/\/api.w.org\/{rel}","templated":true}]}}