{"id":2784,"date":"2025-07-30T13:24:27","date_gmt":"2025-07-30T11:24:27","guid":{"rendered":"https:\/\/www.moonsaia.com\/?post_type=product&#038;p=2784"},"modified":"2025-09-01T01:29:24","modified_gmt":"2025-08-31T23:29:24","slug":"21-day-yoga-fit","status":"publish","type":"product","link":"https:\/\/www.moonsaia.com\/en\/product\/21-day-yoga-fit\/","title":{"rendered":"LA-21 DAY YOGA FIT"},"content":{"rendered":"<section class=\"elementor-section elementor-top-section elementor-element elementor-element-3bc5778 elementor-section-height-min-height elementor-section-items-bottom elementor-section-boxed elementor-section-height-default\" data-id=\"3bc5778\" data-element_type=\"section\" data-settings=\"{&quot;background_background&quot;:&quot;classic&quot;}\">\n<div class=\"elementor-container elementor-column-gap-no\">\n<div class=\"elementor-column elementor-col-100 elementor-top-column elementor-element elementor-element-444a0eac\" data-id=\"444a0eac\" data-element_type=\"column\">\n<div class=\"elementor-widget-wrap elementor-element-populated\">\n<div class=\"elementor-element elementor-element-1b56f0fb elementor-widget elementor-widget-text-editor\" data-id=\"1b56f0fb\" data-element_type=\"widget\" data-widget_type=\"text-editor.default\">\n<div class=\"elementor-widget-container\">\n<p>&nbsp;<\/p>\n<\/div>\n<\/div>\n<div class=\"elementor-testimonial-meta elementor-has-image elementor-testimonial-image-position-top\">\n<div class=\"elementor-testimonial-meta-inner\">\n<div class=\"elementor-testimonial-image\">\n<div class=\"elementor-element elementor-element-77268559 elementor-widget elementor-widget-heading\" data-id=\"77268559\" data-element_type=\"widget\" data-widget_type=\"heading.default\">\n<div class=\"elementor-widget-container\">\n<div class=\"elementor-element elementor-element-77268559 elementor-widget elementor-widget-heading\" data-id=\"77268559\" data-element_type=\"widget\" data-widget_type=\"heading.default\">\n<div class=\"elementor-widget-container\">\n<h4 class=\"elementor-heading-title elementor-size-default\" style=\"text-align: center;\"><strong>Rel\u00e8ve le D\u00e9fi<\/strong><\/h4>\n<\/div>\n<\/div>\n<div class=\"elementor-element elementor-element-473cf73 elementor-widget elementor-widget-image animated pulse\" data-id=\"473cf73\" data-element_type=\"widget\" data-settings=\"{&quot;_animation&quot;:&quot;pulse&quot;}\" data-widget_type=\"image.default\">\n<div class=\"elementor-widget-container\"><img decoding=\"async\" class=\"attachment-thumbnail size-thumbnail wp-image-93 aligncenter\" src=\"https:\/\/www.moonsaia.com\/wp-content\/uploads\/2020\/05\/separator-150x54.png\" alt=\"\" width=\"150\" height=\"54\" \/><\/div>\n<\/div>\n<div class=\"elementor-element elementor-element-11d5f45c elementor-widget elementor-widget-text-editor\" data-id=\"11d5f45c\" data-element_type=\"widget\" data-widget_type=\"text-editor.default\">\n<div class=\"elementor-widget-container\">\n<blockquote>\n<h4>\u00catre en forme, c\u2019est facile, mais cela n\u00e9cessite un peu de constance, d\u2019autodiscipline et de motivation.<\/h4>\n<h4>Cela peut aussi \u00eatre amusant, en fait, \u00e7a devrait vra\u00eement l\u2019\u00eatre !<\/h4>\n<h4>The best way to stick to it, is to create your own routine you can easily follow \u2026<\/h4>\n<h4>It takes about 21 days to change any behavior, or to create this new routine.<\/h4>\n<h4>Ce programme que j\u2019ai construit pour vous est court mais intense, de 15 \u00e0 20 min par jour seulement,\u00a0de power yoga<\/h4>\n<h4>( un m\u00e9lange de yoga, de mouvements de fitness et de cross fit ), dans diff\u00e9rents endroits magiques de Los Angeles, pendant 21 jours.<\/h4>\n<h4>Le temps du changement, d\u2019un nouveau corps, de grands r\u00e9sultats et d\u2019un nouvel \u00e9tat d\u2019esprit.<\/h4>\n<h4>Vous verrez votre corps devenir plus tonique, plus en forme, s\u2019 amincir ; vous gagnerez en force et en \u00e9nergie.<\/h4>\n<h4>This is also a way to follow your goal everyday, to stay strong and motivated.<\/h4>\n<\/blockquote>\n<\/div>\n<\/div>\n<\/div>\n<\/div>\n<div class=\"elementor-element elementor-element-473cf73 elementor-widget elementor-widget-image animated pulse\" data-id=\"473cf73\" data-element_type=\"widget\" data-settings=\"{&quot;_animation&quot;:&quot;pulse&quot;}\" data-widget_type=\"image.default\">\n<div class=\"elementor-widget-container\"><\/div>\n<\/div>\n<div class=\"elementor-element elementor-element-11d5f45c elementor-widget elementor-widget-text-editor\" data-id=\"11d5f45c\" data-element_type=\"widget\" data-widget_type=\"text-editor.default\">\n<div class=\"elementor-widget-container\">\n<blockquote><p>&nbsp;<\/p>\n<p>A tout de suite\u2026\u00a0 <img decoding=\"async\" class=\"emoji\" role=\"img\" draggable=\"false\" src=\"https:\/\/s.w.org\/images\/core\/emoji\/16.0.1\/svg\/1f642.svg\" alt=\"\ud83d\ude42\" \/><\/p><\/blockquote>\n<\/div>\n<\/div>\n<p><img decoding=\"async\" class=\"attachment-mailpoet_newsletter_max wp-image-635 aligncenter\" src=\"https:\/\/www.moonsaia.com\/wp-content\/uploads\/2020\/07\/Fa1586897969071-e1605547356942.jpg\" sizes=\"(max-width: 1109px) 100vw, 1109px\" srcset=\"https:\/\/www.moonsaia.com\/wp-content\/uploads\/2020\/07\/Fa1586897969071-e1605547356942.jpg 1109w, https:\/\/www.moonsaia.com\/wp-content\/uploads\/2020\/07\/elementor\/thumbs\/Fa1586897969071-e1605547356942-pjsr7w7n4dwzzuaz3al58219r6xjgiqeoyyil80kyc.jpg 450w\" alt=\"\" width=\"150\" height=\"150\" \/><\/p>\n<\/div>\n<div><\/div>\n<div class=\"elementor-testimonial-image\" style=\"text-align: center;\">Marion<\/div>\n<\/div>\n<\/div>\n<\/div>\n<\/div>\n<\/div>\n<\/section>","protected":false},"excerpt":{"rendered":"<div class=\"elementor-element elementor-element-1ca2328 elementor-widget elementor-widget-text-editor\" data-id=\"1ca2328\" data-element_type=\"widget\" data-widget_type=\"text-editor.default\">\n<div class=\"elementor-widget-container\">\n<p>Un programme optimis\u00e9 pour une transformation en 21 jours.<\/p>\n<\/div>\n<\/div>","protected":false},"featured_media":62,"template":"","meta":[],"product_brand":[],"product_cat":[15],"product_tag":[],"class_list":{"0":"post-2784","1":"product","2":"type-product","3":"status-publish","4":"has-post-thumbnail","6":"product_cat-wellness","8":"first","9":"instock","10":"sale","11":"virtual","12":"purchasable","13":"product-type-simple"},"yoast_head":"<!-- This site is optimized with the Yoast SEO plugin v27.2 - https:\/\/yoast.com\/product\/yoast-seo-wordpress\/ -->\n<title>LA-21 DAY YOGA FIT &#8902; Moonsaia<\/title>\n<meta name=\"robots\" content=\"index, follow, max-snippet:-1, max-image-preview:large, max-video-preview:-1\" \/>\n<link rel=\"canonical\" href=\"https:\/\/www.moonsaia.com\/en\/product\/21-day-yoga-fit\/\" \/>\n<meta property=\"og:locale\" content=\"en_US\" \/>\n<meta property=\"og:type\" content=\"article\" \/>\n<meta property=\"og:title\" content=\"LA-21 DAY YOGA FIT &#8902; Moonsaia\" \/>\n<meta property=\"og:description\" content=\"Un programme optimis\u00e9 pour une transformation en 21 jours.\" \/>\n<meta property=\"og:url\" content=\"https:\/\/www.moonsaia.com\/en\/product\/21-day-yoga-fit\/\" \/>\n<meta property=\"og:site_name\" content=\"Moonsaia\" \/>\n<meta property=\"article:modified_time\" content=\"2025-08-31T23:29:24+00:00\" \/>\n<meta property=\"og:image\" content=\"https:\/\/www.moonsaia.com\/wp-content\/uploads\/2020\/05\/entrance-image.jpg\" \/>\n\t<meta property=\"og:image:width\" content=\"1600\" \/>\n\t<meta property=\"og:image:height\" content=\"1068\" \/>\n\t<meta property=\"og:image:type\" content=\"image\/jpeg\" \/>\n<meta name=\"twitter:card\" content=\"summary_large_image\" \/>\n<meta name=\"twitter:label1\" content=\"Est. reading time\" \/>\n\t<meta name=\"twitter:data1\" content=\"1 minute\" \/>\n<script type=\"application\/ld+json\" class=\"yoast-schema-graph\">{\"@context\":\"https:\/\/schema.org\",\"@graph\":[{\"@type\":\"WebPage\",\"@id\":\"https:\/\/www.moonsaia.com\/produit\/21-day-yoga-fit\/\",\"url\":\"https:\/\/www.moonsaia.com\/produit\/21-day-yoga-fit\/\",\"name\":\"LA-21 DAY YOGA FIT &#8902; Moonsaia\",\"isPartOf\":{\"@id\":\"https:\/\/www.moonsaia.com\/#website\"},\"primaryImageOfPage\":{\"@id\":\"https:\/\/www.moonsaia.com\/produit\/21-day-yoga-fit\/#primaryimage\"},\"image\":{\"@id\":\"https:\/\/www.moonsaia.com\/produit\/21-day-yoga-fit\/#primaryimage\"},\"thumbnailUrl\":\"https:\/\/www.moonsaia.com\/wp-content\/uploads\/2020\/05\/entrance-image.jpg\",\"datePublished\":\"2025-07-30T11:24:27+00:00\",\"dateModified\":\"2025-08-31T23:29:24+00:00\",\"breadcrumb\":{\"@id\":\"https:\/\/www.moonsaia.com\/produit\/21-day-yoga-fit\/#breadcrumb\"},\"inLanguage\":\"en-US\",\"potentialAction\":[{\"@type\":\"ReadAction\",\"target\":[\"https:\/\/www.moonsaia.com\/produit\/21-day-yoga-fit\/\"]}]},{\"@type\":\"ImageObject\",\"inLanguage\":\"en-US\",\"@id\":\"https:\/\/www.moonsaia.com\/produit\/21-day-yoga-fit\/#primaryimage\",\"url\":\"https:\/\/www.moonsaia.com\/wp-content\/uploads\/2020\/05\/entrance-image.jpg\",\"contentUrl\":\"https:\/\/www.moonsaia.com\/wp-content\/uploads\/2020\/05\/entrance-image.jpg\",\"width\":1600,\"height\":1068},{\"@type\":\"BreadcrumbList\",\"@id\":\"https:\/\/www.moonsaia.com\/produit\/21-day-yoga-fit\/#breadcrumb\",\"itemListElement\":[{\"@type\":\"ListItem\",\"position\":1,\"name\":\"Accueil\",\"item\":\"https:\/\/www.moonsaia.com\/\"},{\"@type\":\"ListItem\",\"position\":2,\"name\":\"shop\",\"item\":\"https:\/\/www.moonsaia.com\/shop\/\"},{\"@type\":\"ListItem\",\"position\":3,\"name\":\"LA-21 DAY YOGA FIT\"}]},{\"@type\":\"WebSite\",\"@id\":\"https:\/\/www.moonsaia.com\/#website\",\"url\":\"https:\/\/www.moonsaia.com\/\",\"name\":\"Moonsa\u00efa Yoga\",\"description\":\"Wellness &amp; Yoga\",\"publisher\":{\"@id\":\"https:\/\/www.moonsaia.com\/#organization\"},\"potentialAction\":[{\"@type\":\"SearchAction\",\"target\":{\"@type\":\"EntryPoint\",\"urlTemplate\":\"https:\/\/www.moonsaia.com\/?s={search_term_string}\"},\"query-input\":{\"@type\":\"PropertyValueSpecification\",\"valueRequired\":true,\"valueName\":\"search_term_string\"}}],\"inLanguage\":\"en-US\"},{\"@type\":\"Organization\",\"@id\":\"https:\/\/www.moonsaia.com\/#organization\",\"name\":\"moonsa\u00efa\",\"url\":\"https:\/\/www.moonsaia.com\/\",\"logo\":{\"@type\":\"ImageObject\",\"inLanguage\":\"en-US\",\"@id\":\"https:\/\/www.moonsaia.com\/#\/schema\/logo\/image\/\",\"url\":\"https:\/\/www.moonsaia.com\/wp-content\/uploads\/2020\/05\/logo-transp.png\",\"contentUrl\":\"https:\/\/www.moonsaia.com\/wp-content\/uploads\/2020\/05\/logo-transp.png\",\"width\":577,\"height\":554,\"caption\":\"moonsa\u00efa\"},\"image\":{\"@id\":\"https:\/\/www.moonsaia.com\/#\/schema\/logo\/image\/\"},\"sameAs\":[\"https:\/\/www.instagram.com\/moonsaia\/?hl=fr\"]}]}<\/script>\n<!-- \/ Yoast SEO plugin. -->","yoast_head_json":{"title":"LA-21 DAY YOGA FIT &#8902; Moonsaia","robots":{"index":"index","follow":"follow","max-snippet":"max-snippet:-1","max-image-preview":"max-image-preview:large","max-video-preview":"max-video-preview:-1"},"canonical":"https:\/\/www.moonsaia.com\/en\/product\/21-day-yoga-fit\/","og_locale":"en_US","og_type":"article","og_title":"LA-21 DAY YOGA FIT &#8902; Moonsaia","og_description":"Un programme optimis\u00e9 pour une transformation en 21 jours.","og_url":"https:\/\/www.moonsaia.com\/en\/product\/21-day-yoga-fit\/","og_site_name":"Moonsaia","article_modified_time":"2025-08-31T23:29:24+00:00","og_image":[{"width":1600,"height":1068,"url":"https:\/\/www.moonsaia.com\/wp-content\/uploads\/2020\/05\/entrance-image.jpg","type":"image\/jpeg"}],"twitter_card":"summary_large_image","twitter_misc":{"Est. reading time":"1 minute"},"schema":{"@context":"https:\/\/schema.org","@graph":[{"@type":"WebPage","@id":"https:\/\/www.moonsaia.com\/produit\/21-day-yoga-fit\/","url":"https:\/\/www.moonsaia.com\/produit\/21-day-yoga-fit\/","name":"LA-21 DAY YOGA FIT &#8902; Moonsaia","isPartOf":{"@id":"https:\/\/www.moonsaia.com\/#website"},"primaryImageOfPage":{"@id":"https:\/\/www.moonsaia.com\/produit\/21-day-yoga-fit\/#primaryimage"},"image":{"@id":"https:\/\/www.moonsaia.com\/produit\/21-day-yoga-fit\/#primaryimage"},"thumbnailUrl":"https:\/\/www.moonsaia.com\/wp-content\/uploads\/2020\/05\/entrance-image.jpg","datePublished":"2025-07-30T11:24:27+00:00","dateModified":"2025-08-31T23:29:24+00:00","breadcrumb":{"@id":"https:\/\/www.moonsaia.com\/produit\/21-day-yoga-fit\/#breadcrumb"},"inLanguage":"en-US","potentialAction":[{"@type":"ReadAction","target":["https:\/\/www.moonsaia.com\/produit\/21-day-yoga-fit\/"]}]},{"@type":"ImageObject","inLanguage":"en-US","@id":"https:\/\/www.moonsaia.com\/produit\/21-day-yoga-fit\/#primaryimage","url":"https:\/\/www.moonsaia.com\/wp-content\/uploads\/2020\/05\/entrance-image.jpg","contentUrl":"https:\/\/www.moonsaia.com\/wp-content\/uploads\/2020\/05\/entrance-image.jpg","width":1600,"height":1068},{"@type":"BreadcrumbList","@id":"https:\/\/www.moonsaia.com\/produit\/21-day-yoga-fit\/#breadcrumb","itemListElement":[{"@type":"ListItem","position":1,"name":"Accueil","item":"https:\/\/www.moonsaia.com\/"},{"@type":"ListItem","position":2,"name":"shop","item":"https:\/\/www.moonsaia.com\/shop\/"},{"@type":"ListItem","position":3,"name":"LA-21 DAY YOGA FIT"}]},{"@type":"WebSite","@id":"https:\/\/www.moonsaia.com\/#website","url":"https:\/\/www.moonsaia.com\/","name":"Moonsa\u00efa Yoga","description":"Wellness &amp; Yoga","publisher":{"@id":"https:\/\/www.moonsaia.com\/#organization"},"potentialAction":[{"@type":"SearchAction","target":{"@type":"EntryPoint","urlTemplate":"https:\/\/www.moonsaia.com\/?s={search_term_string}"},"query-input":{"@type":"PropertyValueSpecification","valueRequired":true,"valueName":"search_term_string"}}],"inLanguage":"en-US"},{"@type":"Organization","@id":"https:\/\/www.moonsaia.com\/#organization","name":"moonsa\u00efa","url":"https:\/\/www.moonsaia.com\/","logo":{"@type":"ImageObject","inLanguage":"en-US","@id":"https:\/\/www.moonsaia.com\/#\/schema\/logo\/image\/","url":"https:\/\/www.moonsaia.com\/wp-content\/uploads\/2020\/05\/logo-transp.png","contentUrl":"https:\/\/www.moonsaia.com\/wp-content\/uploads\/2020\/05\/logo-transp.png","width":577,"height":554,"caption":"moonsa\u00efa"},"image":{"@id":"https:\/\/www.moonsaia.com\/#\/schema\/logo\/image\/"},"sameAs":["https:\/\/www.instagram.com\/moonsaia\/?hl=fr"]}]}},"_links":{"self":[{"href":"https:\/\/www.moonsaia.com\/en\/wp-json\/wp\/v2\/product\/2784","targetHints":{"allow":["GET"]}}],"collection":[{"href":"https:\/\/www.moonsaia.com\/en\/wp-json\/wp\/v2\/product"}],"about":[{"href":"https:\/\/www.moonsaia.com\/en\/wp-json\/wp\/v2\/types\/product"}],"version-history":[{"count":22,"href":"https:\/\/www.moonsaia.com\/en\/wp-json\/wp\/v2\/product\/2784\/revisions"}],"predecessor-version":[{"id":2810,"href":"https:\/\/www.moonsaia.com\/en\/wp-json\/wp\/v2\/product\/2784\/revisions\/2810"}],"wp:featuredmedia":[{"embeddable":true,"href":"https:\/\/www.moonsaia.com\/en\/wp-json\/wp\/v2\/media\/62"}],"wp:attachment":[{"href":"https:\/\/www.moonsaia.com\/en\/wp-json\/wp\/v2\/media?parent=2784"}],"wp:term":[{"taxonomy":"product_brand","embeddable":true,"href":"https:\/\/www.moonsaia.com\/en\/wp-json\/wp\/v2\/product_brand?post=2784"},{"taxonomy":"product_cat","embeddable":true,"href":"https:\/\/www.moonsaia.com\/en\/wp-json\/wp\/v2\/product_cat?post=2784"},{"taxonomy":"product_tag","embeddable":true,"href":"https:\/\/www.moonsaia.com\/en\/wp-json\/wp\/v2\/product_tag?post=2784"}],"curies":[{"name":"wp","href":"https:\/\/api.w.org\/{rel}","templated":true}]}}