{"id":2867,"date":"2025-08-23T01:53:31","date_gmt":"2025-08-22T23:53:31","guid":{"rendered":"https:\/\/www.moonsaia.com\/?post_type=product&#038;p=2867"},"modified":"2025-08-23T18:11:25","modified_gmt":"2025-08-23T16:11:25","slug":"red-rocks-7-days-yoga","status":"publish","type":"product","link":"https:\/\/www.moonsaia.com\/en\/product\/red-rocks-7-days-yoga\/","title":{"rendered":"RED ROCKS -7 DAY Yoga Challenge"},"content":{"rendered":"<div data-elementor-type=\"product-post\" data-elementor-id=\"2867\" class=\"elementor elementor-2867\" data-elementor-post-type=\"product\">\n\t\t\t\t<div class=\"elementor-element elementor-element-22707168 e-flex e-con-boxed e-con e-parent\" data-id=\"22707168\" data-element_type=\"container\" data-e-type=\"container\">\n\t\t\t\t\t<div class=\"e-con-inner\">\n\t\t\t\t<div class=\"elementor-element elementor-element-782e796 elementor-widget elementor-widget-text-editor\" data-id=\"782e796\" data-element_type=\"widget\" data-e-type=\"widget\" data-widget_type=\"text-editor.default\">\n\t\t\t\t<div class=\"elementor-widget-container\">\n\t\t\t\t\t\t\t\t\t<p><strong>Red Rocks Yoga \u2013 7 jours,\u00a0 20 minutes par jour<\/strong><\/p><div dir=\"auto\">Plongez au c\u0153ur des paysages majestueux du Nevada \u00e0 l\u2019Arizona \u2013 Grand Canyon, Sedona, Monument Valley, Horseshoe Bend, Valley of Fire \u2013 lieux sacr\u00e9s aux \u00e9nergies puissantes et \u00e0 l\u2019histoire mill\u00e9naire des peuples am\u00e9rindiens.<\/div><div dir=\"auto\">\u00a0<\/div><div dir=\"auto\">Ce programme unique de yoga vous invite \u00e0 une immersion profonde en vous-m\u00eame \u00e0 travers 7 s\u00e9ances courtes mais intenses, chaque jour une invitation \u00e0 :<\/div><div dir=\"auto\">\u00a0<\/div><ul><li>\u00a0Vous connecter \u00e0 votre souffle et \u00e0 votre essence,<\/li><li>\u00a0Renforcer votre corps et br\u00fbler les tensions,<\/li><li>Trouver l\u2019\u00e9quilibre, la force et la confiance,<\/li><li>Embrasser la transformation et les nouvelles habitudes,<\/li><li>Cultiver la discipline douce et la s\u00e9r\u00e9nit\u00e9 int\u00e9rieure,<\/li><li>\u00a0Vous ouvrir \u00e0 la spiritualit\u00e9 et aux rituels puissants inspir\u00e9s par ces terres sacr\u00e9es.<\/li><\/ul><div dir=\"auto\">\u00a0<\/div><div dir=\"auto\"><div dir=\"auto\">Red Rocks Yoga est un voyage int\u00e9rieur et ext\u00e9rieur, une c\u00e9l\u00e9bration de l\u2019\u00e9nergie vibrante du d\u00e9sert, des roches rouges et du vent du Grand Ouest am\u00e9ricain. Offrez-vous ces 20 minutes chaque jour pour vous d\u00e9passer, vous recentrer et rayonner&#8230;<\/div><\/div>\t\t\t\t\t\t\t\t<\/div>\n\t\t\t\t<\/div>\n\t\t\t\t\t<\/div>\n\t\t\t\t<\/div>\n\t\t\t\t<\/div>","protected":false},"excerpt":{"rendered":"<p>Red Rocks Yoga \u2013 7 jours,\u00a0 20 minutes par jour<\/p>","protected":false},"featured_media":2864,"template":"","meta":[],"product_brand":[],"product_cat":[15],"product_tag":[],"class_list":{"0":"post-2867","1":"product","2":"type-product","3":"status-publish","4":"has-post-thumbnail","6":"product_cat-wellness","8":"first","9":"instock","10":"sale","11":"virtual","12":"purchasable","13":"product-type-simple"},"yoast_head":"<!-- This site is optimized with the Yoast SEO plugin v27.2 - https:\/\/yoast.com\/product\/yoast-seo-wordpress\/ -->\n<title>RED ROCKS -7 DAY Yoga Challenge &#8902; Moonsaia<\/title>\n<meta name=\"robots\" content=\"index, follow, max-snippet:-1, max-image-preview:large, max-video-preview:-1\" \/>\n<link rel=\"canonical\" href=\"https:\/\/www.moonsaia.com\/en\/product\/red-rocks-7-days-yoga\/\" \/>\n<meta property=\"og:locale\" content=\"en_US\" \/>\n<meta property=\"og:type\" content=\"article\" \/>\n<meta property=\"og:title\" content=\"RED ROCKS -7 DAY Yoga Challenge &#8902; Moonsaia\" \/>\n<meta property=\"og:description\" content=\"Red Rocks Yoga \u2013 7 jours,\u00a0 20 minutes par jour\" \/>\n<meta property=\"og:url\" content=\"https:\/\/www.moonsaia.com\/en\/product\/red-rocks-7-days-yoga\/\" \/>\n<meta property=\"og:site_name\" content=\"Moonsaia\" \/>\n<meta property=\"article:modified_time\" content=\"2025-08-23T16:11:25+00:00\" \/>\n<meta property=\"og:image\" content=\"https:\/\/www.moonsaia.com\/wp-content\/uploads\/2025\/08\/ChatGPT-Image-Aug-23-2025-12_28_12-AM-1024x683.png\" \/>\n\t<meta property=\"og:image:width\" content=\"1024\" \/>\n\t<meta property=\"og:image:height\" content=\"683\" \/>\n\t<meta property=\"og:image:type\" content=\"image\/png\" \/>\n<meta name=\"twitter:card\" content=\"summary_large_image\" \/>\n<meta name=\"twitter:label1\" content=\"Est. reading time\" \/>\n\t<meta name=\"twitter:data1\" content=\"2 minutes\" \/>\n<script type=\"application\/ld+json\" class=\"yoast-schema-graph\">{\"@context\":\"https:\/\/schema.org\",\"@graph\":[{\"@type\":\"WebPage\",\"@id\":\"https:\/\/www.moonsaia.com\/produit\/red-rocks-7-days-yoga\/\",\"url\":\"https:\/\/www.moonsaia.com\/produit\/red-rocks-7-days-yoga\/\",\"name\":\"RED ROCKS -7 DAY Yoga Challenge &#8902; Moonsaia\",\"isPartOf\":{\"@id\":\"https:\/\/www.moonsaia.com\/#website\"},\"primaryImageOfPage\":{\"@id\":\"https:\/\/www.moonsaia.com\/produit\/red-rocks-7-days-yoga\/#primaryimage\"},\"image\":{\"@id\":\"https:\/\/www.moonsaia.com\/produit\/red-rocks-7-days-yoga\/#primaryimage\"},\"thumbnailUrl\":\"https:\/\/www.moonsaia.com\/wp-content\/uploads\/2025\/08\/ChatGPT-Image-Aug-23-2025-12_28_12-AM.png\",\"datePublished\":\"2025-08-22T23:53:31+00:00\",\"dateModified\":\"2025-08-23T16:11:25+00:00\",\"breadcrumb\":{\"@id\":\"https:\/\/www.moonsaia.com\/produit\/red-rocks-7-days-yoga\/#breadcrumb\"},\"inLanguage\":\"en-US\",\"potentialAction\":[{\"@type\":\"ReadAction\",\"target\":[\"https:\/\/www.moonsaia.com\/produit\/red-rocks-7-days-yoga\/\"]}]},{\"@type\":\"ImageObject\",\"inLanguage\":\"en-US\",\"@id\":\"https:\/\/www.moonsaia.com\/produit\/red-rocks-7-days-yoga\/#primaryimage\",\"url\":\"https:\/\/www.moonsaia.com\/wp-content\/uploads\/2025\/08\/ChatGPT-Image-Aug-23-2025-12_28_12-AM.png\",\"contentUrl\":\"https:\/\/www.moonsaia.com\/wp-content\/uploads\/2025\/08\/ChatGPT-Image-Aug-23-2025-12_28_12-AM.png\",\"width\":1536,\"height\":1024},{\"@type\":\"BreadcrumbList\",\"@id\":\"https:\/\/www.moonsaia.com\/produit\/red-rocks-7-days-yoga\/#breadcrumb\",\"itemListElement\":[{\"@type\":\"ListItem\",\"position\":1,\"name\":\"Accueil\",\"item\":\"https:\/\/www.moonsaia.com\/\"},{\"@type\":\"ListItem\",\"position\":2,\"name\":\"shop\",\"item\":\"https:\/\/www.moonsaia.com\/shop\/\"},{\"@type\":\"ListItem\",\"position\":3,\"name\":\"RED ROCKS -7 DAY Yoga Challenge\"}]},{\"@type\":\"WebSite\",\"@id\":\"https:\/\/www.moonsaia.com\/#website\",\"url\":\"https:\/\/www.moonsaia.com\/\",\"name\":\"Moonsa\u00efa Yoga\",\"description\":\"Wellness &amp; Yoga\",\"publisher\":{\"@id\":\"https:\/\/www.moonsaia.com\/#organization\"},\"potentialAction\":[{\"@type\":\"SearchAction\",\"target\":{\"@type\":\"EntryPoint\",\"urlTemplate\":\"https:\/\/www.moonsaia.com\/?s={search_term_string}\"},\"query-input\":{\"@type\":\"PropertyValueSpecification\",\"valueRequired\":true,\"valueName\":\"search_term_string\"}}],\"inLanguage\":\"en-US\"},{\"@type\":\"Organization\",\"@id\":\"https:\/\/www.moonsaia.com\/#organization\",\"name\":\"moonsa\u00efa\",\"url\":\"https:\/\/www.moonsaia.com\/\",\"logo\":{\"@type\":\"ImageObject\",\"inLanguage\":\"en-US\",\"@id\":\"https:\/\/www.moonsaia.com\/#\/schema\/logo\/image\/\",\"url\":\"https:\/\/www.moonsaia.com\/wp-content\/uploads\/2020\/05\/logo-transp.png\",\"contentUrl\":\"https:\/\/www.moonsaia.com\/wp-content\/uploads\/2020\/05\/logo-transp.png\",\"width\":577,\"height\":554,\"caption\":\"moonsa\u00efa\"},\"image\":{\"@id\":\"https:\/\/www.moonsaia.com\/#\/schema\/logo\/image\/\"},\"sameAs\":[\"https:\/\/www.instagram.com\/moonsaia\/?hl=fr\"]}]}<\/script>\n<!-- \/ Yoast SEO plugin. -->","yoast_head_json":{"title":"RED ROCKS -7 DAY Yoga Challenge &#8902; Moonsaia","robots":{"index":"index","follow":"follow","max-snippet":"max-snippet:-1","max-image-preview":"max-image-preview:large","max-video-preview":"max-video-preview:-1"},"canonical":"https:\/\/www.moonsaia.com\/en\/product\/red-rocks-7-days-yoga\/","og_locale":"en_US","og_type":"article","og_title":"RED ROCKS -7 DAY Yoga Challenge &#8902; Moonsaia","og_description":"Red Rocks Yoga \u2013 7 jours,\u00a0 20 minutes par jour","og_url":"https:\/\/www.moonsaia.com\/en\/product\/red-rocks-7-days-yoga\/","og_site_name":"Moonsaia","article_modified_time":"2025-08-23T16:11:25+00:00","og_image":[{"width":1024,"height":683,"url":"https:\/\/www.moonsaia.com\/wp-content\/uploads\/2025\/08\/ChatGPT-Image-Aug-23-2025-12_28_12-AM-1024x683.png","type":"image\/png"}],"twitter_card":"summary_large_image","twitter_misc":{"Est. reading time":"2 minutes"},"schema":{"@context":"https:\/\/schema.org","@graph":[{"@type":"WebPage","@id":"https:\/\/www.moonsaia.com\/produit\/red-rocks-7-days-yoga\/","url":"https:\/\/www.moonsaia.com\/produit\/red-rocks-7-days-yoga\/","name":"RED ROCKS -7 DAY Yoga Challenge &#8902; Moonsaia","isPartOf":{"@id":"https:\/\/www.moonsaia.com\/#website"},"primaryImageOfPage":{"@id":"https:\/\/www.moonsaia.com\/produit\/red-rocks-7-days-yoga\/#primaryimage"},"image":{"@id":"https:\/\/www.moonsaia.com\/produit\/red-rocks-7-days-yoga\/#primaryimage"},"thumbnailUrl":"https:\/\/www.moonsaia.com\/wp-content\/uploads\/2025\/08\/ChatGPT-Image-Aug-23-2025-12_28_12-AM.png","datePublished":"2025-08-22T23:53:31+00:00","dateModified":"2025-08-23T16:11:25+00:00","breadcrumb":{"@id":"https:\/\/www.moonsaia.com\/produit\/red-rocks-7-days-yoga\/#breadcrumb"},"inLanguage":"en-US","potentialAction":[{"@type":"ReadAction","target":["https:\/\/www.moonsaia.com\/produit\/red-rocks-7-days-yoga\/"]}]},{"@type":"ImageObject","inLanguage":"en-US","@id":"https:\/\/www.moonsaia.com\/produit\/red-rocks-7-days-yoga\/#primaryimage","url":"https:\/\/www.moonsaia.com\/wp-content\/uploads\/2025\/08\/ChatGPT-Image-Aug-23-2025-12_28_12-AM.png","contentUrl":"https:\/\/www.moonsaia.com\/wp-content\/uploads\/2025\/08\/ChatGPT-Image-Aug-23-2025-12_28_12-AM.png","width":1536,"height":1024},{"@type":"BreadcrumbList","@id":"https:\/\/www.moonsaia.com\/produit\/red-rocks-7-days-yoga\/#breadcrumb","itemListElement":[{"@type":"ListItem","position":1,"name":"Accueil","item":"https:\/\/www.moonsaia.com\/"},{"@type":"ListItem","position":2,"name":"shop","item":"https:\/\/www.moonsaia.com\/shop\/"},{"@type":"ListItem","position":3,"name":"RED ROCKS -7 DAY Yoga Challenge"}]},{"@type":"WebSite","@id":"https:\/\/www.moonsaia.com\/#website","url":"https:\/\/www.moonsaia.com\/","name":"Moonsa\u00efa Yoga","description":"Wellness &amp; Yoga","publisher":{"@id":"https:\/\/www.moonsaia.com\/#organization"},"potentialAction":[{"@type":"SearchAction","target":{"@type":"EntryPoint","urlTemplate":"https:\/\/www.moonsaia.com\/?s={search_term_string}"},"query-input":{"@type":"PropertyValueSpecification","valueRequired":true,"valueName":"search_term_string"}}],"inLanguage":"en-US"},{"@type":"Organization","@id":"https:\/\/www.moonsaia.com\/#organization","name":"moonsa\u00efa","url":"https:\/\/www.moonsaia.com\/","logo":{"@type":"ImageObject","inLanguage":"en-US","@id":"https:\/\/www.moonsaia.com\/#\/schema\/logo\/image\/","url":"https:\/\/www.moonsaia.com\/wp-content\/uploads\/2020\/05\/logo-transp.png","contentUrl":"https:\/\/www.moonsaia.com\/wp-content\/uploads\/2020\/05\/logo-transp.png","width":577,"height":554,"caption":"moonsa\u00efa"},"image":{"@id":"https:\/\/www.moonsaia.com\/#\/schema\/logo\/image\/"},"sameAs":["https:\/\/www.instagram.com\/moonsaia\/?hl=fr"]}]}},"_links":{"self":[{"href":"https:\/\/www.moonsaia.com\/en\/wp-json\/wp\/v2\/product\/2867","targetHints":{"allow":["GET"]}}],"collection":[{"href":"https:\/\/www.moonsaia.com\/en\/wp-json\/wp\/v2\/product"}],"about":[{"href":"https:\/\/www.moonsaia.com\/en\/wp-json\/wp\/v2\/types\/product"}],"version-history":[{"count":8,"href":"https:\/\/www.moonsaia.com\/en\/wp-json\/wp\/v2\/product\/2867\/revisions"}],"predecessor-version":[{"id":2902,"href":"https:\/\/www.moonsaia.com\/en\/wp-json\/wp\/v2\/product\/2867\/revisions\/2902"}],"wp:featuredmedia":[{"embeddable":true,"href":"https:\/\/www.moonsaia.com\/en\/wp-json\/wp\/v2\/media\/2864"}],"wp:attachment":[{"href":"https:\/\/www.moonsaia.com\/en\/wp-json\/wp\/v2\/media?parent=2867"}],"wp:term":[{"taxonomy":"product_brand","embeddable":true,"href":"https:\/\/www.moonsaia.com\/en\/wp-json\/wp\/v2\/product_brand?post=2867"},{"taxonomy":"product_cat","embeddable":true,"href":"https:\/\/www.moonsaia.com\/en\/wp-json\/wp\/v2\/product_cat?post=2867"},{"taxonomy":"product_tag","embeddable":true,"href":"https:\/\/www.moonsaia.com\/en\/wp-json\/wp\/v2\/product_tag?post=2867"}],"curies":[{"name":"wp","href":"https:\/\/api.w.org\/{rel}","templated":true}]}}