{"id":3046,"date":"2025-12-19T15:57:01","date_gmt":"2025-12-19T14:57:01","guid":{"rendered":"https:\/\/www.moonsaia.com\/produit\/carte-cadeau\/"},"modified":"2025-12-19T16:51:31","modified_gmt":"2025-12-19T15:51:31","slug":"carte-cadeau","status":"publish","type":"product","link":"https:\/\/www.moonsaia.com\/en\/product\/carte-cadeau\/","title":{"rendered":"Carte cadeau valable sur tout le site \ud83c\udf81"},"content":{"rendered":"<div><img decoding=\"async\" class=\"an1\" draggable=\"false\" src=\"https:\/\/fonts.gstatic.com\/s\/e\/notoemoji\/16.0\/1f381\/72.png\" alt=\"\ud83c\udf81\" data-emoji=\"\ud83c\udf81\" aria-label=\"\ud83c\udf81\" \/> \u00a0Carte Cadeau &#8211; Yoga &amp; Bien-\u00eatre<\/div>\n<div dir=\"auto\"><\/div>\n<div dir=\"auto\">Offrez bien plus qu\u2019un cadeau :<\/div>\n<div dir=\"auto\">offrez un moment pour soi, un temps de respiration, de reconnexion et de douceur.<\/div>\n<div dir=\"auto\"><\/div>\n<div dir=\"auto\">Cette carte cadeau permet \u00e0 la personne de son choix de profiter librement des programmes de yoga et des produits disponibles sur le site.<\/div>\n<div dir=\"auto\"><\/div>\n<div dir=\"auto\"><\/div>\n<div dir=\"auto\"><img decoding=\"async\" class=\"an1\" draggable=\"false\" src=\"https:\/\/fonts.gstatic.com\/s\/e\/notoemoji\/16.0\/2728\/72.png\" alt=\"\u2728\" data-emoji=\"\u2728\" aria-label=\"\u2728\" \/> Comment \u00e7a fonctionne ?<\/div>\n<div dir=\"auto\">&#8211; Choisissez le montant de la carte cadeau<\/div>\n<div dir=\"auto\">&#8211; Indiquez l\u2019adresse email du b\u00e9n\u00e9ficiaire<\/div>\n<div dir=\"auto\">&#8211; Ajoutez un message personnalis\u00e9 \ud83d\udc95<\/div>\n<div dir=\"auto\">&#8211; La carte est envoy\u00e9e automatiquement par email, pr\u00eate \u00e0 \u00eatre utilis\u00e9e ou imprim\u00e9e<\/div>\n<div dir=\"auto\"><\/div>\n<div dir=\"auto\"><img decoding=\"async\" class=\"an1\" draggable=\"false\" src=\"https:\/\/fonts.gstatic.com\/s\/e\/notoemoji\/16.0\/1f9d8_200d_2640_fe0f\/72.png\" alt=\"\ud83e\uddd8\u200d\u2640\ufe0f\" data-emoji=\"\ud83e\uddd8\u200d\u2640\ufe0f\" aria-label=\"\ud83e\uddd8\u200d\u2640\ufe0f\" \/> Utilisation<\/div>\n<div dir=\"auto\">Le b\u00e9n\u00e9ficiaire pourra utiliser le code de la carte cadeau directement lors du paiement sur le site, sur l\u2019ensemble des programmes de yoga ou produits \u00e9ligibles.<\/div>\n<div dir=\"auto\"><\/div>\n<div dir=\"auto\"><img decoding=\"async\" class=\"an1\" draggable=\"false\" src=\"https:\/\/fonts.gstatic.com\/s\/e\/notoemoji\/16.0\/1f4e9\/72.png\" alt=\"\ud83d\udce9\" data-emoji=\"\ud83d\udce9\" aria-label=\"\ud83d\udce9\" \/> Carte cadeau digitale<\/div>\n<div dir=\"auto\">Envoy\u00e9e par email, avec possibilit\u00e9 de l\u2019imprimer.<\/div>\n<div dir=\"auto\">Simple, rapide et id\u00e9ale pour faire plaisir en toute occasion.<\/div>\n<div dir=\"auto\"><\/div>\n<div dir=\"auto\"><img decoding=\"async\" class=\"an1\" draggable=\"false\" src=\"https:\/\/fonts.gstatic.com\/s\/e\/notoemoji\/16.0\/1f4ab\/72.png\" alt=\"\ud83d\udcab\" data-emoji=\"\ud83d\udcab\" aria-label=\"\ud83d\udcab\" \/> Une attention qui a du sens<\/div>\n<div dir=\"auto\">Cette carte cadeau est une invitation \u00e0 prendre soin de soi.<\/div>","protected":false},"excerpt":{"rendered":"<p>\u00a0Carte Cadeau &#8211; Yoga &amp; Bien-\u00eatre Offrez bien plus qu\u2019un cadeau : offrez un moment pour soi, un temps de respiration, de reconnexion et de douceur. Cette carte cadeau permet \u00e0 la personne de son choix de profiter librement des programmes de yoga et des&#8230;<\/p>","protected":false},"featured_media":3049,"template":"","meta":[],"product_brand":[],"product_cat":[15],"product_tag":[],"class_list":{"0":"post-3046","1":"product","2":"type-product","3":"status-publish","4":"has-post-thumbnail","6":"product_cat-wellness","8":"first","9":"instock","10":"virtual","11":"purchasable","12":"product-type-simple"},"yoast_head":"<!-- This site is optimized with the Yoast SEO plugin v27.2 - https:\/\/yoast.com\/product\/yoast-seo-wordpress\/ -->\n<title>Carte cadeau valable sur tout le site \ud83c\udf81 &#8902; Moonsaia<\/title>\n<meta name=\"robots\" content=\"index, follow, max-snippet:-1, max-image-preview:large, max-video-preview:-1\" \/>\n<link rel=\"canonical\" href=\"https:\/\/www.moonsaia.com\/en\/product\/carte-cadeau\/\" \/>\n<meta property=\"og:locale\" content=\"en_US\" \/>\n<meta property=\"og:type\" content=\"article\" \/>\n<meta property=\"og:title\" content=\"Carte cadeau valable sur tout le site \ud83c\udf81 &#8902; Moonsaia\" \/>\n<meta property=\"og:description\" content=\"\u00a0Carte Cadeau &#8211; Yoga &amp; Bien-\u00eatre Offrez bien plus qu\u2019un cadeau : offrez un moment pour soi, un temps de respiration, de reconnexion et de douceur. Cette carte cadeau permet \u00e0 la personne de son choix de profiter librement des programmes de yoga et des...\" \/>\n<meta property=\"og:url\" content=\"https:\/\/www.moonsaia.com\/en\/product\/carte-cadeau\/\" \/>\n<meta property=\"og:site_name\" content=\"Moonsaia\" \/>\n<meta property=\"article:modified_time\" content=\"2025-12-19T15:51:31+00:00\" \/>\n<meta property=\"og:image\" content=\"https:\/\/www.moonsaia.com\/wp-content\/uploads\/2025\/12\/file_0000000090e47246ba2b6351de34ea59-1024x683.png\" \/>\n\t<meta property=\"og:image:width\" content=\"1024\" \/>\n\t<meta property=\"og:image:height\" content=\"683\" \/>\n\t<meta property=\"og:image:type\" content=\"image\/png\" \/>\n<meta name=\"twitter:card\" content=\"summary_large_image\" \/>\n<meta name=\"twitter:label1\" content=\"Est. reading time\" \/>\n\t<meta name=\"twitter:data1\" content=\"2 minutes\" \/>\n<script type=\"application\/ld+json\" class=\"yoast-schema-graph\">{\"@context\":\"https:\/\/schema.org\",\"@graph\":[{\"@type\":\"WebPage\",\"@id\":\"https:\/\/www.moonsaia.com\/produit\/carte-cadeau\/\",\"url\":\"https:\/\/www.moonsaia.com\/produit\/carte-cadeau\/\",\"name\":\"Carte cadeau valable sur tout le site \ud83c\udf81 &#8902; Moonsaia\",\"isPartOf\":{\"@id\":\"https:\/\/www.moonsaia.com\/#website\"},\"primaryImageOfPage\":{\"@id\":\"https:\/\/www.moonsaia.com\/produit\/carte-cadeau\/#primaryimage\"},\"image\":{\"@id\":\"https:\/\/www.moonsaia.com\/produit\/carte-cadeau\/#primaryimage\"},\"thumbnailUrl\":\"https:\/\/www.moonsaia.com\/wp-content\/uploads\/2025\/12\/file_0000000090e47246ba2b6351de34ea59.png\",\"datePublished\":\"2025-12-19T14:57:01+00:00\",\"dateModified\":\"2025-12-19T15:51:31+00:00\",\"breadcrumb\":{\"@id\":\"https:\/\/www.moonsaia.com\/produit\/carte-cadeau\/#breadcrumb\"},\"inLanguage\":\"en-US\",\"potentialAction\":[{\"@type\":\"ReadAction\",\"target\":[\"https:\/\/www.moonsaia.com\/produit\/carte-cadeau\/\"]}]},{\"@type\":\"ImageObject\",\"inLanguage\":\"en-US\",\"@id\":\"https:\/\/www.moonsaia.com\/produit\/carte-cadeau\/#primaryimage\",\"url\":\"https:\/\/www.moonsaia.com\/wp-content\/uploads\/2025\/12\/file_0000000090e47246ba2b6351de34ea59.png\",\"contentUrl\":\"https:\/\/www.moonsaia.com\/wp-content\/uploads\/2025\/12\/file_0000000090e47246ba2b6351de34ea59.png\",\"width\":1536,\"height\":1024,\"caption\":\"gift card\"},{\"@type\":\"BreadcrumbList\",\"@id\":\"https:\/\/www.moonsaia.com\/produit\/carte-cadeau\/#breadcrumb\",\"itemListElement\":[{\"@type\":\"ListItem\",\"position\":1,\"name\":\"Accueil\",\"item\":\"https:\/\/www.moonsaia.com\/\"},{\"@type\":\"ListItem\",\"position\":2,\"name\":\"shop\",\"item\":\"https:\/\/www.moonsaia.com\/shop\/\"},{\"@type\":\"ListItem\",\"position\":3,\"name\":\"Carte cadeau valable sur tout le site \ud83c\udf81\"}]},{\"@type\":\"WebSite\",\"@id\":\"https:\/\/www.moonsaia.com\/#website\",\"url\":\"https:\/\/www.moonsaia.com\/\",\"name\":\"Moonsa\u00efa Yoga\",\"description\":\"Wellness &amp; Yoga\",\"publisher\":{\"@id\":\"https:\/\/www.moonsaia.com\/#organization\"},\"potentialAction\":[{\"@type\":\"SearchAction\",\"target\":{\"@type\":\"EntryPoint\",\"urlTemplate\":\"https:\/\/www.moonsaia.com\/?s={search_term_string}\"},\"query-input\":{\"@type\":\"PropertyValueSpecification\",\"valueRequired\":true,\"valueName\":\"search_term_string\"}}],\"inLanguage\":\"en-US\"},{\"@type\":\"Organization\",\"@id\":\"https:\/\/www.moonsaia.com\/#organization\",\"name\":\"moonsa\u00efa\",\"url\":\"https:\/\/www.moonsaia.com\/\",\"logo\":{\"@type\":\"ImageObject\",\"inLanguage\":\"en-US\",\"@id\":\"https:\/\/www.moonsaia.com\/#\/schema\/logo\/image\/\",\"url\":\"https:\/\/www.moonsaia.com\/wp-content\/uploads\/2020\/05\/logo-transp.png\",\"contentUrl\":\"https:\/\/www.moonsaia.com\/wp-content\/uploads\/2020\/05\/logo-transp.png\",\"width\":577,\"height\":554,\"caption\":\"moonsa\u00efa\"},\"image\":{\"@id\":\"https:\/\/www.moonsaia.com\/#\/schema\/logo\/image\/\"},\"sameAs\":[\"https:\/\/www.instagram.com\/moonsaia\/?hl=fr\"]}]}<\/script>\n<!-- \/ Yoast SEO plugin. -->","yoast_head_json":{"title":"Carte cadeau valable sur tout le site \ud83c\udf81 &#8902; Moonsaia","robots":{"index":"index","follow":"follow","max-snippet":"max-snippet:-1","max-image-preview":"max-image-preview:large","max-video-preview":"max-video-preview:-1"},"canonical":"https:\/\/www.moonsaia.com\/en\/product\/carte-cadeau\/","og_locale":"en_US","og_type":"article","og_title":"Carte cadeau valable sur tout le site \ud83c\udf81 &#8902; Moonsaia","og_description":"\u00a0Carte Cadeau &#8211; Yoga &amp; Bien-\u00eatre Offrez bien plus qu\u2019un cadeau : offrez un moment pour soi, un temps de respiration, de reconnexion et de douceur. Cette carte cadeau permet \u00e0 la personne de son choix de profiter librement des programmes de yoga et des...","og_url":"https:\/\/www.moonsaia.com\/en\/product\/carte-cadeau\/","og_site_name":"Moonsaia","article_modified_time":"2025-12-19T15:51:31+00:00","og_image":[{"width":1024,"height":683,"url":"https:\/\/www.moonsaia.com\/wp-content\/uploads\/2025\/12\/file_0000000090e47246ba2b6351de34ea59-1024x683.png","type":"image\/png"}],"twitter_card":"summary_large_image","twitter_misc":{"Est. reading time":"2 minutes"},"schema":{"@context":"https:\/\/schema.org","@graph":[{"@type":"WebPage","@id":"https:\/\/www.moonsaia.com\/produit\/carte-cadeau\/","url":"https:\/\/www.moonsaia.com\/produit\/carte-cadeau\/","name":"Carte cadeau valable sur tout le site \ud83c\udf81 &#8902; Moonsaia","isPartOf":{"@id":"https:\/\/www.moonsaia.com\/#website"},"primaryImageOfPage":{"@id":"https:\/\/www.moonsaia.com\/produit\/carte-cadeau\/#primaryimage"},"image":{"@id":"https:\/\/www.moonsaia.com\/produit\/carte-cadeau\/#primaryimage"},"thumbnailUrl":"https:\/\/www.moonsaia.com\/wp-content\/uploads\/2025\/12\/file_0000000090e47246ba2b6351de34ea59.png","datePublished":"2025-12-19T14:57:01+00:00","dateModified":"2025-12-19T15:51:31+00:00","breadcrumb":{"@id":"https:\/\/www.moonsaia.com\/produit\/carte-cadeau\/#breadcrumb"},"inLanguage":"en-US","potentialAction":[{"@type":"ReadAction","target":["https:\/\/www.moonsaia.com\/produit\/carte-cadeau\/"]}]},{"@type":"ImageObject","inLanguage":"en-US","@id":"https:\/\/www.moonsaia.com\/produit\/carte-cadeau\/#primaryimage","url":"https:\/\/www.moonsaia.com\/wp-content\/uploads\/2025\/12\/file_0000000090e47246ba2b6351de34ea59.png","contentUrl":"https:\/\/www.moonsaia.com\/wp-content\/uploads\/2025\/12\/file_0000000090e47246ba2b6351de34ea59.png","width":1536,"height":1024,"caption":"gift card"},{"@type":"BreadcrumbList","@id":"https:\/\/www.moonsaia.com\/produit\/carte-cadeau\/#breadcrumb","itemListElement":[{"@type":"ListItem","position":1,"name":"Accueil","item":"https:\/\/www.moonsaia.com\/"},{"@type":"ListItem","position":2,"name":"shop","item":"https:\/\/www.moonsaia.com\/shop\/"},{"@type":"ListItem","position":3,"name":"Carte cadeau valable sur tout le site \ud83c\udf81"}]},{"@type":"WebSite","@id":"https:\/\/www.moonsaia.com\/#website","url":"https:\/\/www.moonsaia.com\/","name":"Moonsa\u00efa Yoga","description":"Wellness &amp; Yoga","publisher":{"@id":"https:\/\/www.moonsaia.com\/#organization"},"potentialAction":[{"@type":"SearchAction","target":{"@type":"EntryPoint","urlTemplate":"https:\/\/www.moonsaia.com\/?s={search_term_string}"},"query-input":{"@type":"PropertyValueSpecification","valueRequired":true,"valueName":"search_term_string"}}],"inLanguage":"en-US"},{"@type":"Organization","@id":"https:\/\/www.moonsaia.com\/#organization","name":"moonsa\u00efa","url":"https:\/\/www.moonsaia.com\/","logo":{"@type":"ImageObject","inLanguage":"en-US","@id":"https:\/\/www.moonsaia.com\/#\/schema\/logo\/image\/","url":"https:\/\/www.moonsaia.com\/wp-content\/uploads\/2020\/05\/logo-transp.png","contentUrl":"https:\/\/www.moonsaia.com\/wp-content\/uploads\/2020\/05\/logo-transp.png","width":577,"height":554,"caption":"moonsa\u00efa"},"image":{"@id":"https:\/\/www.moonsaia.com\/#\/schema\/logo\/image\/"},"sameAs":["https:\/\/www.instagram.com\/moonsaia\/?hl=fr"]}]}},"_links":{"self":[{"href":"https:\/\/www.moonsaia.com\/en\/wp-json\/wp\/v2\/product\/3046","targetHints":{"allow":["GET"]}}],"collection":[{"href":"https:\/\/www.moonsaia.com\/en\/wp-json\/wp\/v2\/product"}],"about":[{"href":"https:\/\/www.moonsaia.com\/en\/wp-json\/wp\/v2\/types\/product"}],"version-history":[{"count":4,"href":"https:\/\/www.moonsaia.com\/en\/wp-json\/wp\/v2\/product\/3046\/revisions"}],"predecessor-version":[{"id":3050,"href":"https:\/\/www.moonsaia.com\/en\/wp-json\/wp\/v2\/product\/3046\/revisions\/3050"}],"wp:featuredmedia":[{"embeddable":true,"href":"https:\/\/www.moonsaia.com\/en\/wp-json\/wp\/v2\/media\/3049"}],"wp:attachment":[{"href":"https:\/\/www.moonsaia.com\/en\/wp-json\/wp\/v2\/media?parent=3046"}],"wp:term":[{"taxonomy":"product_brand","embeddable":true,"href":"https:\/\/www.moonsaia.com\/en\/wp-json\/wp\/v2\/product_brand?post=3046"},{"taxonomy":"product_cat","embeddable":true,"href":"https:\/\/www.moonsaia.com\/en\/wp-json\/wp\/v2\/product_cat?post=3046"},{"taxonomy":"product_tag","embeddable":true,"href":"https:\/\/www.moonsaia.com\/en\/wp-json\/wp\/v2\/product_tag?post=3046"}],"curies":[{"name":"wp","href":"https:\/\/api.w.org\/{rel}","templated":true}]}}