{"id":977,"date":"2020-08-22T22:24:08","date_gmt":"2020-08-22T20:24:08","guid":{"rendered":"https:\/\/www.moonsaia.com\/?post_type=product&#038;p=977"},"modified":"2025-08-02T23:51:46","modified_gmt":"2025-08-02T21:51:46","slug":"bague-dacupression-equilibre-immunite","status":"publish","type":"product","link":"https:\/\/www.moonsaia.com\/en\/product\/bague-dacupression-equilibre-immunite\/","title":{"rendered":"Acupressure Ring  -  \nBALANCE &amp; IMMUNITY"},"content":{"rendered":"<pre id=\"tw-target-text\" class=\"tw-data-text tw-text-large XcVN5d tw-ta\" dir=\"ltr\" data-placeholder=\"Traduction\"><img fetchpriority=\"high\" decoding=\"async\" class=\"alignnone size-medium wp-image-1001\" src=\"https:\/\/www.moonsaia.com\/wp-content\/uploads\/2020\/08\/health-care-acupressure-points-therapy-treatment-e1598126289887-203x300.jpg\" alt=\"\" width=\"203\" height=\"300\" srcset=\"https:\/\/www.moonsaia.com\/wp-content\/uploads\/2020\/08\/health-care-acupressure-points-therapy-treatment-e1598126289887-203x300.jpg 203w, https:\/\/www.moonsaia.com\/wp-content\/uploads\/2020\/08\/health-care-acupressure-points-therapy-treatment-e1598126289887-693x1024.jpg 693w, https:\/\/www.moonsaia.com\/wp-content\/uploads\/2020\/08\/health-care-acupressure-points-therapy-treatment-e1598126289887-768x1134.jpg 768w, https:\/\/www.moonsaia.com\/wp-content\/uploads\/2020\/08\/health-care-acupressure-points-therapy-treatment-e1598126289887-600x886.jpg 600w, https:\/\/www.moonsaia.com\/wp-content\/uploads\/2020\/08\/health-care-acupressure-points-therapy-treatment-e1598126289887.jpg 799w\" sizes=\"(max-width: 203px) 100vw, 203px\" \/><\/pre>","protected":false},"excerpt":{"rendered":"<h3><\/h3>\n<h3><\/h3>\n<h3><\/h3>\n<h3><\/h3>\n<h3>Relieves fatigue and increases immune function.<\/h3>\n<p>Stainless steel ring, allowing an acupressure massage of the fingers, during your long moments at the office,<\/p>\n<p>at work, on the phone, in a meeting, watching TV, traveling, or anytime...<\/p>\n<p>&nbsp;<\/p>\n<h3>Used for relaxation, it stimulates the meridians that end at the tips of the fingers.<\/h3>\n<p>It improves blood circulation and stimulates acupuncture points in the fingers, allowing to activate<\/p>\n<p>the body's innate healing capacity, and its rebalancing.<\/p>\n<p>Ideal for people who work a lot with their hands, on a computer keyboard, or who do crafts. For musicians, guitarists, for people with arthritis.<\/p>\n<p>Ideal for anyone looking for a natural well-being.<\/p>\n<p>&nbsp;<\/p>\n<h3><strong>Why use an acupressure ring?<\/strong><\/h3>\n<p>Sometimes, when you are working on a computer, studying, driving your car, or any other craft or complex job, your fingers can get tired or numb, and your mind can become distracted, confused.<\/p>\n<p>Using an acupressure ring is part of Chinese medicine and can help relieve fatigue, boost energy, boost the immune system, and promote focus.<\/p>\n<p>By stimulating acupressure points &amp; reflexology areas of the fingers, the internal organs &amp; bodily functions are therefore stimulated to balance the energy functions of the organs &amp; the body.<\/p>\n<h3><\/h3>\n<p>&nbsp;<\/p>\n<h3><strong>How does it work ?<\/strong><\/h3>\n<p>Roll your ring on each finger, 10 to 15 seconds minimum, 5 min per day on average.<\/p>\n<p>Or anytime you find it relaxing<\/p>\n<h3 dir=\"ltr\" data-placeholder=\"Traduction\"><\/h3>\n<p>&nbsp;<\/p>\n<h3 class=\"tw-data-text tw-text-large XcVN5d tw-ta\" dir=\"ltr\" data-placeholder=\"Traduction\"><span lang=\"fr\">Description :<\/span><\/h3>\n<p>Inside diameter: 1cm  Outside diameter: 2.8cm One size, fits all fingers<\/p>\n<p>Poids : 4 gr\u00a0 \u00a0 \u00a0 \u00a0 \u00a0 \u00a0 \u00a0 Couleur Silver\u00a0 \u00a0 \u00a0 \u00a0 \u00a0 \u00a0 \u00a0Livr\u00e9 dans sa petite pochette plastic.<\/p>\n<p>&nbsp;<\/p>\n<p><span lang=\"fr\">They are easy and discreet to use and can be used anytime, anywhere, for as long as you want. For maximum benefit, 5 minutes per day is recommended. If you experience pain or discomfort, stop use immediately and ask your doctor for advice.<\/span><\/p>\n<p>&nbsp;<\/p>","protected":false},"featured_media":995,"template":"","meta":[],"product_brand":[],"product_cat":[15],"product_tag":[],"class_list":{"0":"post-977","1":"product","2":"type-product","3":"status-publish","4":"has-post-thumbnail","6":"product_cat-wellness","7":"product_shipping_class-light","9":"first","10":"instock","11":"sale","12":"shipping-taxable","13":"purchasable","14":"product-type-simple"},"yoast_head":"<!-- This site is optimized with the Yoast SEO plugin v27.2 - https:\/\/yoast.com\/product\/yoast-seo-wordpress\/ -->\n<title>Bague d&#039;acupression - \u00e9quilibre &amp; Immunit\u00e9 &#8902; Moonsaia<\/title>\n<meta name=\"robots\" content=\"index, follow, max-snippet:-1, max-image-preview:large, max-video-preview:-1\" \/>\n<link rel=\"canonical\" href=\"https:\/\/www.moonsaia.com\/en\/product\/bague-dacupression-equilibre-immunite\/\" \/>\n<meta property=\"og:locale\" content=\"en_US\" \/>\n<meta property=\"og:type\" content=\"article\" \/>\n<meta property=\"og:title\" content=\"Bague d&#039;acupression - \u00e9quilibre &amp; Immunit\u00e9 &#8902; Moonsaia\" \/>\n<meta property=\"og:description\" content=\"Soulage la fatigue et augmente la fonction immunitaire. Bague en acier inoxydable, permettant un massage d&#039;acupressure des doigts, pendant vos longs moments au bureau,  au travail, au t\u00e9l\u00e9phone, en r\u00e9union, devant la TV, en voyage, ou \u00e0 tout moment...  &nbsp; Utilis\u00e9e pour la relaxation, elle stimule les m\u00e9ridiens qui se terminent \u00e0 la pointe des doigts. Ellle am\u00e9liore la circulation du sang et stimule les points d&#039; acupuncture des doigts, permettant d&#039;activer  la capacit\u00e9 de gu\u00e9rison inn\u00e9e du corps, et son r\u00e9 \u00e9quilibrage.  Id\u00e9al pour les personnes qui travaillent beaucoup avec leurs mains, sur un clavier d&#039;ordinateur, ou qui font de l&#039;artisanat. Pour les musiciens, les guitaristes, pour les personnes souffrant d&#039;arthrite.  Id\u00e9al pour toute personne recherchant le bien-etre au naturel.  &nbsp; Pourquoi utiliser une bague d&#039;acupression ? Souvent, lorsque vous travaillez sur un ordinateur, \u00e9tudiez, conduisez votre voiture ou tout autre travail artisanal\u00a0 ou complexe, vos doigts peuvent se fatiguer ou s&#039;engourdir, et votre esprit peut devenir distrait, confus.  L&#039;utilisation d&#039;une bague d&#039;acupression rel\u00e8ve de la m\u00e9decine chinoise et peut aider \u00e0 soulager la fatigue, \u00e0 stimuler l&#039;\u00e9nergie, \u00e0 renforcer le syst\u00e8me immunitaire et \u00e0 favoriser la concentration.  En stimulant les points d&#039;acupression et les zones de r\u00e9flexologie des mains et des doigts, les organes internes et les fonctions corporelles sont donc stimul\u00e9s pour \u00e9quilibrer les fonctions \u00e9nerg\u00e9tiques des organes et du corps.  &nbsp; Fonctionnement ? Faire un mouvement de roulement sur chaque doigt, de 10 \u00e0 15 secondes minimum, de 5 min par jour en moyenne.  Ainsi qu&#039; \u00e0 tout moment ou cela vous d\u00e9tend.  &nbsp; Description : Diam\u00e8tre interieur : 1cm\u00a0 \u00a0 \u00a0 \u00a0 Diam\u00e8tre exterieur : 2.8cm\u00a0 \u00a0 \u00a0 \u00a0 Taille unique, s&#039;adapte \u00e0 tous les doigts  Poids : 4 gr\u00a0 \u00a0 \u00a0 \u00a0 \u00a0 \u00a0 \u00a0 Couleur Silver\u00a0 \u00a0 \u00a0 \u00a0 \u00a0 \u00a0 \u00a0Livr\u00e9 dans sa petite pochette plastic.  &nbsp;  Elles sont faciles et discretes \u00e0 utiliser et peuvent \u00eatre utilis\u00e9es \u00e0 tout moment, n&#039;importe o\u00f9, aussi longtemps que vous le souhaitez. Pour un maximum d&#039;avantages, 5 minutes par jour sont recommand\u00e9es. En cas de douleur ou d&#039;inconfort, cessez imm\u00e9diatement l&#039;utilisation et demandez conseil \u00e0 votre m\u00e9decin.  &nbsp;\" \/>\n<meta property=\"og:url\" content=\"https:\/\/www.moonsaia.com\/en\/product\/bague-dacupression-equilibre-immunite\/\" \/>\n<meta property=\"og:site_name\" content=\"Moonsaia\" \/>\n<meta property=\"article:modified_time\" content=\"2025-08-02T21:51:46+00:00\" \/>\n<meta property=\"og:image\" content=\"https:\/\/www.moonsaia.com\/wp-content\/uploads\/2020\/08\/accu-ring3-1.jpg\" \/>\n\t<meta property=\"og:image:width\" content=\"888\" \/>\n\t<meta property=\"og:image:height\" content=\"602\" \/>\n\t<meta property=\"og:image:type\" content=\"image\/jpeg\" \/>\n<meta name=\"twitter:card\" content=\"summary_large_image\" \/>\n<script type=\"application\/ld+json\" class=\"yoast-schema-graph\">{\"@context\":\"https:\/\/schema.org\",\"@graph\":[{\"@type\":\"WebPage\",\"@id\":\"https:\/\/www.moonsaia.com\/produit\/bague-dacupression-equilibre-immunite\/\",\"url\":\"https:\/\/www.moonsaia.com\/produit\/bague-dacupression-equilibre-immunite\/\",\"name\":\"Bague d'acupression - \u00e9quilibre & Immunit\u00e9 &#8902; Moonsaia\",\"isPartOf\":{\"@id\":\"https:\/\/www.moonsaia.com\/#website\"},\"primaryImageOfPage\":{\"@id\":\"https:\/\/www.moonsaia.com\/produit\/bague-dacupression-equilibre-immunite\/#primaryimage\"},\"image\":{\"@id\":\"https:\/\/www.moonsaia.com\/produit\/bague-dacupression-equilibre-immunite\/#primaryimage\"},\"thumbnailUrl\":\"https:\/\/www.moonsaia.com\/wp-content\/uploads\/2020\/08\/accu-ring3-1.jpg\",\"datePublished\":\"2020-08-22T20:24:08+00:00\",\"dateModified\":\"2025-08-02T21:51:46+00:00\",\"breadcrumb\":{\"@id\":\"https:\/\/www.moonsaia.com\/produit\/bague-dacupression-equilibre-immunite\/#breadcrumb\"},\"inLanguage\":\"en-US\",\"potentialAction\":[{\"@type\":\"ReadAction\",\"target\":[\"https:\/\/www.moonsaia.com\/produit\/bague-dacupression-equilibre-immunite\/\"]}]},{\"@type\":\"ImageObject\",\"inLanguage\":\"en-US\",\"@id\":\"https:\/\/www.moonsaia.com\/produit\/bague-dacupression-equilibre-immunite\/#primaryimage\",\"url\":\"https:\/\/www.moonsaia.com\/wp-content\/uploads\/2020\/08\/accu-ring3-1.jpg\",\"contentUrl\":\"https:\/\/www.moonsaia.com\/wp-content\/uploads\/2020\/08\/accu-ring3-1.jpg\",\"width\":888,\"height\":602},{\"@type\":\"BreadcrumbList\",\"@id\":\"https:\/\/www.moonsaia.com\/produit\/bague-dacupression-equilibre-immunite\/#breadcrumb\",\"itemListElement\":[{\"@type\":\"ListItem\",\"position\":1,\"name\":\"Accueil\",\"item\":\"https:\/\/www.moonsaia.com\/\"},{\"@type\":\"ListItem\",\"position\":2,\"name\":\"shop\",\"item\":\"https:\/\/www.moonsaia.com\/shop\/\"},{\"@type\":\"ListItem\",\"position\":3,\"name\":\"Bague d&rsquo;acupression &#8211; \u00e9quilibre &#038; Immunit\u00e9\"}]},{\"@type\":\"WebSite\",\"@id\":\"https:\/\/www.moonsaia.com\/#website\",\"url\":\"https:\/\/www.moonsaia.com\/\",\"name\":\"Moonsa\u00efa Yoga\",\"description\":\"Wellness &amp; Yoga\",\"publisher\":{\"@id\":\"https:\/\/www.moonsaia.com\/#organization\"},\"potentialAction\":[{\"@type\":\"SearchAction\",\"target\":{\"@type\":\"EntryPoint\",\"urlTemplate\":\"https:\/\/www.moonsaia.com\/?s={search_term_string}\"},\"query-input\":{\"@type\":\"PropertyValueSpecification\",\"valueRequired\":true,\"valueName\":\"search_term_string\"}}],\"inLanguage\":\"en-US\"},{\"@type\":\"Organization\",\"@id\":\"https:\/\/www.moonsaia.com\/#organization\",\"name\":\"moonsa\u00efa\",\"url\":\"https:\/\/www.moonsaia.com\/\",\"logo\":{\"@type\":\"ImageObject\",\"inLanguage\":\"en-US\",\"@id\":\"https:\/\/www.moonsaia.com\/#\/schema\/logo\/image\/\",\"url\":\"https:\/\/www.moonsaia.com\/wp-content\/uploads\/2020\/05\/logo-transp.png\",\"contentUrl\":\"https:\/\/www.moonsaia.com\/wp-content\/uploads\/2020\/05\/logo-transp.png\",\"width\":577,\"height\":554,\"caption\":\"moonsa\u00efa\"},\"image\":{\"@id\":\"https:\/\/www.moonsaia.com\/#\/schema\/logo\/image\/\"},\"sameAs\":[\"https:\/\/www.instagram.com\/moonsaia\/?hl=fr\"]}]}<\/script>\n<!-- \/ Yoast SEO plugin. -->","yoast_head_json":{"title":"Bague d'acupression - \u00e9quilibre & Immunit\u00e9 &#8902; Moonsaia","robots":{"index":"index","follow":"follow","max-snippet":"max-snippet:-1","max-image-preview":"max-image-preview:large","max-video-preview":"max-video-preview:-1"},"canonical":"https:\/\/www.moonsaia.com\/en\/product\/bague-dacupression-equilibre-immunite\/","og_locale":"en_US","og_type":"article","og_title":"Bague d'acupression - \u00e9quilibre & Immunit\u00e9 &#8902; Moonsaia","og_description":"Soulage la fatigue et augmente la fonction immunitaire. Bague en acier inoxydable, permettant un massage d'acupressure des doigts, pendant vos longs moments au bureau,  au travail, au t\u00e9l\u00e9phone, en r\u00e9union, devant la TV, en voyage, ou \u00e0 tout moment...  &nbsp; Utilis\u00e9e pour la relaxation, elle stimule les m\u00e9ridiens qui se terminent \u00e0 la pointe des doigts. Ellle am\u00e9liore la circulation du sang et stimule les points d' acupuncture des doigts, permettant d'activer  la capacit\u00e9 de gu\u00e9rison inn\u00e9e du corps, et son r\u00e9 \u00e9quilibrage.  Id\u00e9al pour les personnes qui travaillent beaucoup avec leurs mains, sur un clavier d'ordinateur, ou qui font de l'artisanat. Pour les musiciens, les guitaristes, pour les personnes souffrant d'arthrite.  Id\u00e9al pour toute personne recherchant le bien-etre au naturel.  &nbsp; Pourquoi utiliser une bague d'acupression ? Souvent, lorsque vous travaillez sur un ordinateur, \u00e9tudiez, conduisez votre voiture ou tout autre travail artisanal\u00a0 ou complexe, vos doigts peuvent se fatiguer ou s'engourdir, et votre esprit peut devenir distrait, confus.  L'utilisation d'une bague d'acupression rel\u00e8ve de la m\u00e9decine chinoise et peut aider \u00e0 soulager la fatigue, \u00e0 stimuler l'\u00e9nergie, \u00e0 renforcer le syst\u00e8me immunitaire et \u00e0 favoriser la concentration.  En stimulant les points d'acupression et les zones de r\u00e9flexologie des mains et des doigts, les organes internes et les fonctions corporelles sont donc stimul\u00e9s pour \u00e9quilibrer les fonctions \u00e9nerg\u00e9tiques des organes et du corps.  &nbsp; Fonctionnement ? Faire un mouvement de roulement sur chaque doigt, de 10 \u00e0 15 secondes minimum, de 5 min par jour en moyenne.  Ainsi qu' \u00e0 tout moment ou cela vous d\u00e9tend.  &nbsp; Description : Diam\u00e8tre interieur : 1cm\u00a0 \u00a0 \u00a0 \u00a0 Diam\u00e8tre exterieur : 2.8cm\u00a0 \u00a0 \u00a0 \u00a0 Taille unique, s'adapte \u00e0 tous les doigts  Poids : 4 gr\u00a0 \u00a0 \u00a0 \u00a0 \u00a0 \u00a0 \u00a0 Couleur Silver\u00a0 \u00a0 \u00a0 \u00a0 \u00a0 \u00a0 \u00a0Livr\u00e9 dans sa petite pochette plastic.  &nbsp;  Elles sont faciles et discretes \u00e0 utiliser et peuvent \u00eatre utilis\u00e9es \u00e0 tout moment, n'importe o\u00f9, aussi longtemps que vous le souhaitez. Pour un maximum d'avantages, 5 minutes par jour sont recommand\u00e9es. En cas de douleur ou d'inconfort, cessez imm\u00e9diatement l'utilisation et demandez conseil \u00e0 votre m\u00e9decin.  &nbsp;","og_url":"https:\/\/www.moonsaia.com\/en\/product\/bague-dacupression-equilibre-immunite\/","og_site_name":"Moonsaia","article_modified_time":"2025-08-02T21:51:46+00:00","og_image":[{"width":888,"height":602,"url":"https:\/\/www.moonsaia.com\/wp-content\/uploads\/2020\/08\/accu-ring3-1.jpg","type":"image\/jpeg"}],"twitter_card":"summary_large_image","schema":{"@context":"https:\/\/schema.org","@graph":[{"@type":"WebPage","@id":"https:\/\/www.moonsaia.com\/produit\/bague-dacupression-equilibre-immunite\/","url":"https:\/\/www.moonsaia.com\/produit\/bague-dacupression-equilibre-immunite\/","name":"Bague d'acupression - \u00e9quilibre & Immunit\u00e9 &#8902; Moonsaia","isPartOf":{"@id":"https:\/\/www.moonsaia.com\/#website"},"primaryImageOfPage":{"@id":"https:\/\/www.moonsaia.com\/produit\/bague-dacupression-equilibre-immunite\/#primaryimage"},"image":{"@id":"https:\/\/www.moonsaia.com\/produit\/bague-dacupression-equilibre-immunite\/#primaryimage"},"thumbnailUrl":"https:\/\/www.moonsaia.com\/wp-content\/uploads\/2020\/08\/accu-ring3-1.jpg","datePublished":"2020-08-22T20:24:08+00:00","dateModified":"2025-08-02T21:51:46+00:00","breadcrumb":{"@id":"https:\/\/www.moonsaia.com\/produit\/bague-dacupression-equilibre-immunite\/#breadcrumb"},"inLanguage":"en-US","potentialAction":[{"@type":"ReadAction","target":["https:\/\/www.moonsaia.com\/produit\/bague-dacupression-equilibre-immunite\/"]}]},{"@type":"ImageObject","inLanguage":"en-US","@id":"https:\/\/www.moonsaia.com\/produit\/bague-dacupression-equilibre-immunite\/#primaryimage","url":"https:\/\/www.moonsaia.com\/wp-content\/uploads\/2020\/08\/accu-ring3-1.jpg","contentUrl":"https:\/\/www.moonsaia.com\/wp-content\/uploads\/2020\/08\/accu-ring3-1.jpg","width":888,"height":602},{"@type":"BreadcrumbList","@id":"https:\/\/www.moonsaia.com\/produit\/bague-dacupression-equilibre-immunite\/#breadcrumb","itemListElement":[{"@type":"ListItem","position":1,"name":"Accueil","item":"https:\/\/www.moonsaia.com\/"},{"@type":"ListItem","position":2,"name":"shop","item":"https:\/\/www.moonsaia.com\/shop\/"},{"@type":"ListItem","position":3,"name":"Bague d&rsquo;acupression &#8211; \u00e9quilibre &#038; Immunit\u00e9"}]},{"@type":"WebSite","@id":"https:\/\/www.moonsaia.com\/#website","url":"https:\/\/www.moonsaia.com\/","name":"Moonsa\u00efa Yoga","description":"Wellness &amp; Yoga","publisher":{"@id":"https:\/\/www.moonsaia.com\/#organization"},"potentialAction":[{"@type":"SearchAction","target":{"@type":"EntryPoint","urlTemplate":"https:\/\/www.moonsaia.com\/?s={search_term_string}"},"query-input":{"@type":"PropertyValueSpecification","valueRequired":true,"valueName":"search_term_string"}}],"inLanguage":"en-US"},{"@type":"Organization","@id":"https:\/\/www.moonsaia.com\/#organization","name":"moonsa\u00efa","url":"https:\/\/www.moonsaia.com\/","logo":{"@type":"ImageObject","inLanguage":"en-US","@id":"https:\/\/www.moonsaia.com\/#\/schema\/logo\/image\/","url":"https:\/\/www.moonsaia.com\/wp-content\/uploads\/2020\/05\/logo-transp.png","contentUrl":"https:\/\/www.moonsaia.com\/wp-content\/uploads\/2020\/05\/logo-transp.png","width":577,"height":554,"caption":"moonsa\u00efa"},"image":{"@id":"https:\/\/www.moonsaia.com\/#\/schema\/logo\/image\/"},"sameAs":["https:\/\/www.instagram.com\/moonsaia\/?hl=fr"]}]}},"_links":{"self":[{"href":"https:\/\/www.moonsaia.com\/en\/wp-json\/wp\/v2\/product\/977","targetHints":{"allow":["GET"]}}],"collection":[{"href":"https:\/\/www.moonsaia.com\/en\/wp-json\/wp\/v2\/product"}],"about":[{"href":"https:\/\/www.moonsaia.com\/en\/wp-json\/wp\/v2\/types\/product"}],"version-history":[{"count":1,"href":"https:\/\/www.moonsaia.com\/en\/wp-json\/wp\/v2\/product\/977\/revisions"}],"predecessor-version":[{"id":1653,"href":"https:\/\/www.moonsaia.com\/en\/wp-json\/wp\/v2\/product\/977\/revisions\/1653"}],"wp:featuredmedia":[{"embeddable":true,"href":"https:\/\/www.moonsaia.com\/en\/wp-json\/wp\/v2\/media\/995"}],"wp:attachment":[{"href":"https:\/\/www.moonsaia.com\/en\/wp-json\/wp\/v2\/media?parent=977"}],"wp:term":[{"taxonomy":"product_brand","embeddable":true,"href":"https:\/\/www.moonsaia.com\/en\/wp-json\/wp\/v2\/product_brand?post=977"},{"taxonomy":"product_cat","embeddable":true,"href":"https:\/\/www.moonsaia.com\/en\/wp-json\/wp\/v2\/product_cat?post=977"},{"taxonomy":"product_tag","embeddable":true,"href":"https:\/\/www.moonsaia.com\/en\/wp-json\/wp\/v2\/product_tag?post=977"}],"curies":[{"name":"wp","href":"https:\/\/api.w.org\/{rel}","templated":true}]}}